{"id":120,"date":"2025-02-19T07:27:49","date_gmt":"2025-02-19T07:27:49","guid":{"rendered":"https:\/\/sub.nadev.website\/?page_id=120"},"modified":"2025-03-13T02:03:57","modified_gmt":"2025-03-13T02:03:57","slug":"about","status":"publish","type":"page","link":"https:\/\/sub.nadev.website\/vi\/about\/","title":{"rendered":"V\u1ec1 ch\u00fang t\u00f4i"},"content":{"rendered":"<div data-elementor-type=\"wp-page\" data-elementor-id=\"120\" class=\"elementor elementor-120\" data-elementor-settings=\"{&quot;scroll_snap&quot;:&quot;yes&quot;}\" data-elementor-post-type=\"page\">\n\t\t\t\t<div class=\"has_ae_slider elementor-element elementor-element-5e1e210 e-con-full scroll-container e-flex ae-bg-gallery-type-default e-con e-parent\" data-id=\"5e1e210\" data-element_type=\"container\" data-settings=\"{&quot;background_background&quot;:&quot;classic&quot;}\">\n\t\t<div class=\"has_ae_slider elementor-element elementor-element-2a9e5e2 e-con-full e-flex ae-bg-gallery-type-default e-con e-child\" data-id=\"2a9e5e2\" data-element_type=\"container\">\n\t\t<div class=\"has_ae_slider elementor-element elementor-element-a1aabda e-con-full animated-fast e-flex ae-bg-gallery-type-default elementor-invisible e-con e-child\" data-id=\"a1aabda\" data-element_type=\"container\" data-settings=\"{&quot;animation&quot;:&quot;fadeInUp&quot;}\">\n\t\t\t\t<div class=\"elementor-element elementor-element-acfabc4 elementor-widget elementor-widget-heading\" data-id=\"acfabc4\" data-element_type=\"widget\" data-widget_type=\"heading.default\">\n\t\t\t\t<div class=\"elementor-widget-container\">\n\t\t\t\t\t<h2 class=\"elementor-heading-title elementor-size-default\">Le Comptoir<\/h2>\t\t\t\t<\/div>\n\t\t\t\t<\/div>\n\t\t\t\t<div class=\"elementor-element elementor-element-fb9a2be elementor-widget elementor-widget-text-editor\" data-id=\"fb9a2be\" data-element_type=\"widget\" data-widget_type=\"text-editor.default\">\n\t\t\t\t<div class=\"elementor-widget-container\">\n\t\t\t\t\t\t\t\t\t<p><span style=\"font-weight: 400;\">\/l\u0259 k\u0254\u0303twa\u0280\/<\/span><\/p><p><span style=\"font-weight: 400;\">\u2013 \u201cQu\u1ea7y Bar\u201d, l\u00e0 tr\u00e1i tim c\u1ee7a nh\u00e0 h\u00e0ng ch\u00fang t\u00f4i. \u0110\u00e2y l\u00e0 m\u1ed9t \"lieu de vie\" \u2013 m\u1ed9t kh\u00f4ng gian \u201cs\u1ed1ng\u201d, n\u01a1i nh\u1eefng cu\u1ed9c g\u1eb7p g\u1ee1, nh\u1eefng c\u00e2u chuy\u1ec7n v\u00e0 ngh\u1ec7 thu\u1eadt \u1ea9m th\u1ef1c \u0111\u01b0\u1ee3c kh\u01a1i ngu\u1ed3n. T\u1ea1i \u0111\u00e2y, th\u1ef1c kh\u00e1ch c\u00f3 th\u1ec3 tr\u00f2 chuy\u1ec7n c\u00f9ng B\u1ebfp tr\u01b0\u1edfng, n\u00e2ng ly r\u01b0\u1ee3u c\u00f9ng b\u1ea1n b\u00e8, hay n\u1ea5n n\u00e1 l\u1ea1i \u0111\u1ec3 chi\u00eam ng\u01b0\u1ee1ng s\u1ef1 t\u1ec9 m\u1ec9, tinh t\u1ebf c\u1ee7a \u201cBrigade de Cuisine\u201d trong t\u1eebng m\u00f3n \u0103n.<\/span><\/p><p><span style=\"font-weight: 400;\">\u1ea8n m\u00ecnh trong m\u1ed9t g\u00f3c tinh t\u1ebf gi\u1eefa l\u00f2ng \u0110\u00e0 N\u1eb5ng, Le Comptoir mang \u0111\u1ebfn tr\u1ea3i nghi\u1ec7m fine dining sang tr\u1ecdng v\u00e0 \u0111\u1ea7y c\u1ea3m x\u00fac. T\u1ea1i \u0111\u00e2y, \u1ea9m th\u1ef1c Ph\u00e1p \u0111\u01b0\u1ee3c t\u00e1i hi\u1ec7n theo m\u1ed9t g\u00f3c nh\u00ecn m\u1edbi m\u1ebb, k\u1ebft h\u1ee3p h\u00e0i h\u00f2a gi\u1eefa truy\u1ec1n th\u1ed1ng v\u00e0 nh\u1eefng \u1ea3nh h\u01b0\u1edfng hi\u1ec7n \u0111\u1ea1i t\u1eeb n\u1ec1n \u1ea9m th\u1ef1c th\u1ebf gi\u1edbi. M\u1ed7i m\u00f3n \u0103n \u0111\u1ec1u \u0111\u01b0\u1ee3c ch\u1ebf bi\u1ebfn tinh x\u1ea3o, \u0111i c\u00f9ng b\u1ed9 s\u01b0u t\u1eadp vang \u0111\u01b0\u1ee3c tuy\u1ec3n ch\u1ecdn k\u1ef9 l\u01b0\u1ee1ng, mang \u0111\u1ebfn s\u1ef1 th\u0103ng hoa trong t\u1eebng h\u01b0\u01a1ng v\u1ecb.<\/span><\/p><p><span style=\"font-weight: 400;\">Le Comptoir lu\u00f4n ch\u00e0o \u0111\u00f3n b\u1ea1n \u0111\u1ebfn v\u1edbi m\u1ed9t kh\u00f4ng gian n\u01a1i ngh\u1ec7 thu\u1eadt \u1ea9m th\u1ef1c \u0111\u01b0\u1ee3c t\u00f4n vinh trong t\u1eebng chi ti\u1ebft.<\/span><\/p>\t\t\t\t\t\t\t\t<\/div>\n\t\t\t\t<\/div>\n\t\t\t\t<\/div>\n\t\t\t\t<\/div>\n\t\t<div class=\"has_ae_slider elementor-element elementor-element-6111ed1 e-con-full e-flex ae-bg-gallery-type-default e-con e-child\" data-id=\"6111ed1\" data-element_type=\"container\" data-settings=\"{&quot;background_background&quot;:&quot;classic&quot;}\">\n\t\t\t\t<\/div>\n\t\t\t\t<\/div>\n\t\t<div class=\"has_ae_slider elementor-element elementor-element-5888c29 e-con-full scroll-container e-flex ae-bg-gallery-type-default e-con e-parent\" data-id=\"5888c29\" data-element_type=\"container\" data-settings=\"{&quot;background_background&quot;:&quot;classic&quot;}\">\n\t\t<div class=\"has_ae_slider elementor-element elementor-element-0fc507d e-con-full e-flex ae-bg-gallery-type-default e-con e-child\" data-id=\"0fc507d\" data-element_type=\"container\">\n\t\t<div class=\"has_ae_slider elementor-element elementor-element-550a980 e-con-full animated-fast e-flex ae-bg-gallery-type-default elementor-invisible e-con e-child\" data-id=\"550a980\" data-element_type=\"container\" data-settings=\"{&quot;animation&quot;:&quot;fadeInUp&quot;}\">\n\t\t\t\t<div class=\"elementor-element elementor-element-ff140f4 elementor-widget elementor-widget-heading\" data-id=\"ff140f4\" data-element_type=\"widget\" data-widget_type=\"heading.default\">\n\t\t\t\t<div class=\"elementor-widget-container\">\n\t\t\t\t\t<h2 class=\"elementor-heading-title elementor-size-default\">Gi\u1ea3i th\u01b0\u1edfng<\/h2>\t\t\t\t<\/div>\n\t\t\t\t<\/div>\n\t\t\t\t<div class=\"elementor-element elementor-element-23cddfa elementor-widget elementor-widget-heading\" data-id=\"23cddfa\" data-element_type=\"widget\" data-widget_type=\"heading.default\">\n\t\t\t\t<div class=\"elementor-widget-container\">\n\t\t\t\t\t<h3 class=\"elementor-heading-title elementor-size-default\">Michelin 2024<\/h3>\t\t\t\t<\/div>\n\t\t\t\t<\/div>\n\t\t\t\t<div class=\"elementor-element elementor-element-13f5d77 elementor-widget elementor-widget-text-editor\" data-id=\"13f5d77\" data-element_type=\"widget\" data-widget_type=\"text-editor.default\">\n\t\t\t\t<div class=\"elementor-widget-container\">\n\t\t\t\t\t\t\t\t\t<p><span style=\"font-weight: 400;\">Le Comptoir vinh d\u1ef1 \u0111\u01b0\u1ee3c c\u00f4ng nh\u1eadn l\u00e0 nh\u00e0 h\u00e0ng \u0111\u01b0\u1ee3c Michelin l\u1ef1a ch\u1ecdn n\u0103m 2024\u2014m\u1ed9t c\u1ed9t m\u1ed1c \u00fd ngh\u0129a \u0111\u00e1nh d\u1ea5u h\u00e0nh tr\u00ecnh kh\u00f4ng ng\u1eebng theo \u0111u\u1ed5i s\u1ef1 ho\u00e0n h\u1ea3o trong \u1ea9m th\u1ef1c.\n\nGi\u1ea3i th\u01b0\u1edfng n\u00e0y l\u00e0 k\u1ebft tinh c\u1ee7a \u0111am m\u00ea, s\u1ef1 t\u1eadn t\u00e2m v\u00e0 tay ngh\u1ec1 tinh hoa c\u1ee7a \u0111\u1ed9i ng\u0169 Le Comptoir, \u0111\u1ed3ng th\u1eddi l\u00e0 minh ch\u1ee9ng cho s\u1ef1 tin y\u00eau v\u00e0 \u1ee7ng h\u1ed9 qu\u00fd b\u00e1u t\u1eeb th\u1ef1c kh\u00e1ch.<\/span><\/p><p><span style=\"font-weight: 400;\">Ch\u00fang t\u00f4i tr\u00e2n tr\u1ecdng t\u1eebng kho\u1ea3nh kh\u1eafc \u0111\u1ed3ng h\u00e0nh c\u00f9ng b\u1ea1n v\u00e0 mong ch\u1edd \u0111\u01b0\u1ee3c ti\u1ebfp t\u1ee5c mang \u0111\u1ebfn nh\u1eefng tr\u1ea3i nghi\u1ec7m \u1ea9m th\u1ef1c tinh t\u1ebf v\u00e0 \u0111\u00e1ng nh\u1edb!<\/span><\/p>\t\t\t\t\t\t\t\t<\/div>\n\t\t\t\t<\/div>\n\t\t\t\t<\/div>\n\t\t\t\t<\/div>\n\t\t<div class=\"has_ae_slider elementor-element elementor-element-472faf5 e-con-full e-flex ae-bg-gallery-type-default e-con e-child\" data-id=\"472faf5\" data-element_type=\"container\" data-settings=\"{&quot;background_background&quot;:&quot;classic&quot;}\">\n\t\t\t\t<\/div>\n\t\t\t\t<\/div>\n\t\t<div class=\"has_ae_slider elementor-element elementor-element-bf2e96d e-con-full scroll-container e-flex ae-bg-gallery-type-default e-con e-parent\" data-id=\"bf2e96d\" data-element_type=\"container\" data-settings=\"{&quot;background_background&quot;:&quot;classic&quot;}\">\n\t\t<div class=\"has_ae_slider elementor-element elementor-element-25f1116 e-con-full e-flex ae-bg-gallery-type-default e-con e-child\" data-id=\"25f1116\" data-element_type=\"container\">\n\t\t<div class=\"has_ae_slider elementor-element elementor-element-6c4b63e e-con-full animated-fast e-flex ae-bg-gallery-type-default elementor-invisible e-con e-child\" data-id=\"6c4b63e\" data-element_type=\"container\" data-settings=\"{&quot;animation&quot;:&quot;fadeInUp&quot;}\">\n\t\t\t\t<div class=\"elementor-element elementor-element-fb751f6 elementor-widget elementor-widget-heading\" data-id=\"fb751f6\" data-element_type=\"widget\" data-widget_type=\"heading.default\">\n\t\t\t\t<div class=\"elementor-widget-container\">\n\t\t\t\t\t<h2 class=\"elementor-heading-title elementor-size-default\">\u0110\u1ed9i ng\u0169 Nh\u00e0 H\u00e0ng<\/h2>\t\t\t\t<\/div>\n\t\t\t\t<\/div>\n\t\t\t\t<div class=\"elementor-element elementor-element-6781b69 elementor-widget elementor-widget-text-editor\" data-id=\"6781b69\" data-element_type=\"widget\" data-widget_type=\"text-editor.default\">\n\t\t\t\t<div class=\"elementor-widget-container\">\n\t\t\t\t\t\t\t\t\t<p><span style=\"font-weight: 400;\">Le Comptoir \u0111\u01b0\u1ee3c t\u1ea1o n\u00ean b\u1edfi \u0111\u1ed9i ng\u0169 \u0111\u1ea7u b\u1ebfp t\u00e2m huy\u1ebft, chuy\u00ean gia r\u01b0\u1ee3u vang d\u00e0y d\u1eb7n kinh nghi\u1ec7m v\u00e0 nh\u1eefng nh\u00e2n vi\u00ean t\u1eadn t\u00e2m, t\u1ea5t c\u1ea3 c\u00f9ng chung s\u1ee9 m\u1ec7nh mang \u0111\u1ebfn m\u1ed9t tr\u1ea3i nghi\u1ec7m \u1ea9m th\u1ef1c tinh t\u1ebf, mang d\u1ea5u \u1ea5n c\u00e1 nh\u00e2n, ch\u1ea1m \u0111\u1ebfn t\u1eebng gi\u00e1c quan c\u1ee7a th\u1ef1c kh\u00e1ch.<\/span><\/p>\t\t\t\t\t\t\t\t<\/div>\n\t\t\t\t<\/div>\n\t\t\t\t<\/div>\n\t\t\t\t<\/div>\n\t\t<div class=\"has_ae_slider elementor-element elementor-element-1723614 e-con-full e-flex ae-bg-gallery-type-default e-con e-child\" data-id=\"1723614\" data-element_type=\"container\" data-settings=\"{&quot;background_background&quot;:&quot;classic&quot;}\">\n\t\t\t\t<\/div>\n\t\t\t\t<\/div>\n\t\t\t\t<\/div>","protected":false},"excerpt":{"rendered":"<p>Le Comptoir \/l\u0259 k\u0254\u0303twa\u0280\/ \u2013 The Counter \u2013 is more than just a section of the restaurant; it is the heart of our space. It is a &#8220;lieu de vie&#8221;, a place alive with conversation, connection, and culinary artistry. Here, guests gather to engage with the Chef, share a moment over a glass of wine, [&hellip;]<\/p>","protected":false},"author":1,"featured_media":0,"parent":0,"menu_order":0,"comment_status":"closed","ping_status":"closed","template":"elementor_header_footer","meta":{"footnotes":""},"class_list":["post-120","page","type-page","status-publish","hentry"],"acf":[],"_links":{"self":[{"href":"https:\/\/sub.nadev.website\/vi\/wp-json\/wp\/v2\/pages\/120","targetHints":{"allow":["GET"]}}],"collection":[{"href":"https:\/\/sub.nadev.website\/vi\/wp-json\/wp\/v2\/pages"}],"about":[{"href":"https:\/\/sub.nadev.website\/vi\/wp-json\/wp\/v2\/types\/page"}],"author":[{"embeddable":true,"href":"https:\/\/sub.nadev.website\/vi\/wp-json\/wp\/v2\/users\/1"}],"replies":[{"embeddable":true,"href":"https:\/\/sub.nadev.website\/vi\/wp-json\/wp\/v2\/comments?post=120"}],"version-history":[{"count":67,"href":"https:\/\/sub.nadev.website\/vi\/wp-json\/wp\/v2\/pages\/120\/revisions"}],"predecessor-version":[{"id":1473,"href":"https:\/\/sub.nadev.website\/vi\/wp-json\/wp\/v2\/pages\/120\/revisions\/1473"}],"wp:attachment":[{"href":"https:\/\/sub.nadev.website\/vi\/wp-json\/wp\/v2\/media?parent=120"}],"curies":[{"name":"wp","href":"https:\/\/api.w.org\/{rel}","templated":true}]}}