{"id":123,"date":"2025-02-19T07:28:02","date_gmt":"2025-02-19T07:28:02","guid":{"rendered":"https:\/\/sub.nadev.website\/?page_id=123"},"modified":"2025-03-11T14:51:52","modified_gmt":"2025-03-11T14:51:52","slug":"menu","status":"publish","type":"page","link":"https:\/\/sub.nadev.website\/vi\/menu\/","title":{"rendered":"Th\u1ef1c \u0111\u01a1n"},"content":{"rendered":"<div data-elementor-type=\"wp-page\" data-elementor-id=\"123\" class=\"elementor elementor-123\" data-elementor-post-type=\"page\">\n\t\t\t\t<div class=\"has_ae_slider elementor-element elementor-element-f86b1d7 e-con-full scroll-container e-flex ae-bg-gallery-type-default e-con e-parent\" data-id=\"f86b1d7\" data-element_type=\"container\" data-settings=\"{&quot;background_background&quot;:&quot;classic&quot;}\">\n\t\t<div class=\"has_ae_slider elementor-element elementor-element-6686092 e-con-full e-flex ae-bg-gallery-type-default e-con e-child\" data-id=\"6686092\" data-element_type=\"container\">\n\t\t<div class=\"has_ae_slider elementor-element elementor-element-ce8184a e-con-full animated-fast e-flex ae-bg-gallery-type-default elementor-invisible e-con e-child\" data-id=\"ce8184a\" data-element_type=\"container\" data-settings=\"{&quot;animation&quot;:&quot;fadeInUp&quot;}\">\n\t\t\t\t<div class=\"elementor-element elementor-element-81da4e5 elementor-widget elementor-widget-heading\" data-id=\"81da4e5\" data-element_type=\"widget\" data-widget_type=\"heading.default\">\n\t\t\t\t<div class=\"elementor-widget-container\">\n\t\t\t\t\t<h2 class=\"elementor-heading-title elementor-size-default\">TH\u1ef0C \u0110\u01a0N<\/h2>\t\t\t\t<\/div>\n\t\t\t\t<\/div>\n\t\t\t\t<div class=\"elementor-element elementor-element-f06f337 elementor-widget elementor-widget-text-editor\" data-id=\"f06f337\" data-element_type=\"widget\" data-widget_type=\"text-editor.default\">\n\t\t\t\t<div class=\"elementor-widget-container\">\n\t\t\t\t\t\t\t\t\t<p class=\"translation-block\">Th\u1ef1c \u0111\u01a1n c\u1ee7a Le Comptoir l\u00e0 s\u1ef1 k\u1ebft h\u1ee3p tinh t\u1ebf gi\u1eefa truy\u1ec1n th\u1ed1ng v\u00e0 s\u00e1ng t\u1ea1o, n\u01a1i nh\u1eefng nguy\u00ean li\u1ec7u tuy\u1ec3n ch\u1ecdn theo m\u00f9a h\u00f2a quy\u1ec7n c\u00f9ng h\u01a1i th\u1edf hi\u1ec7n \u0111\u1ea1i c\u1ee7a \u1ea9m th\u1ef1c th\u1ebf gi\u1edbi.<br><br> M\u1ed7i m\u00f3n \u0103n l\u00e0 m\u1ed9t t\u00e1c ph\u1ea9m ngh\u1ec7 thu\u1eadt d\u01b0\u1edbi b\u00e0n tay t\u00e0i hoa c\u1ee7a Chef Olivier Corti, \u0111\u01b0\u1ee3c n\u00e2ng t\u1ea7m b\u1edfi s\u1ef1 k\u1ebft h\u1ee3p vang tinh t\u1ebf t\u1eeb Sommelier Myriam Moretto.<\/p>\t\t\t\t\t\t\t\t<\/div>\n\t\t\t\t<\/div>\n\t\t\t\t<\/div>\n\t\t\t\t<\/div>\n\t\t<div class=\"has_ae_slider elementor-element elementor-element-3b5c989 e-con-full e-flex ae-bg-gallery-type-default e-con e-child\" data-id=\"3b5c989\" data-element_type=\"container\" data-settings=\"{&quot;background_background&quot;:&quot;classic&quot;}\">\n\t\t\t\t<\/div>\n\t\t\t\t<\/div>\n\t\t<div class=\"has_ae_slider elementor-element elementor-element-bd9b5ac e-con-full scroll-container e-flex ae-bg-gallery-type-default e-con e-parent\" data-id=\"bd9b5ac\" data-element_type=\"container\" data-settings=\"{&quot;background_background&quot;:&quot;classic&quot;}\">\n\t\t\t\t<div class=\"elementor-element elementor-element-255b374 e-n-tabs-none elementor-widget elementor-widget-n-tabs\" data-id=\"255b374\" data-element_type=\"widget\" data-settings=\"{&quot;tabs_justify_horizontal&quot;:&quot;stretch&quot;,&quot;horizontal_scroll_mobile&quot;:&quot;disable&quot;,&quot;horizontal_scroll&quot;:&quot;disable&quot;}\" data-widget_type=\"nested-tabs.default\">\n\t\t\t\t<div class=\"elementor-widget-container\">\n\t\t\t\t\t\t\t<div class=\"e-n-tabs\" data-widget-number=\"39170932\" aria-label=\"Tabs. Open items with Enter or Space, close with Escape and navigate using the Arrow keys.\">\n\t\t\t<div class=\"e-n-tabs-heading\" role=\"tablist\">\n\t\t\t\t\t<button id=\"e-n-tab-title-391709321\" data-tab-title-id=\"e-n-tab-title-391709321\" class=\"e-n-tab-title\" aria-selected=\"true\" data-tab-index=\"1\" role=\"tab\" tabindex=\"0\" aria-controls=\"e-n-tab-content-391709321\" style=\"--n-tabs-title-order: 1;\">\n\t\t\t\t\t\t<span class=\"e-n-tab-title-text\">\n\t\t\t\tSet Menu (No.2)\t\t\t<\/span>\n\t\t<\/button>\n\t\t\t\t<button id=\"e-n-tab-title-391709322\" data-tab-title-id=\"e-n-tab-title-391709322\" class=\"e-n-tab-title\" aria-selected=\"false\" data-tab-index=\"2\" role=\"tab\" tabindex=\"-1\" aria-controls=\"e-n-tab-content-391709322\" style=\"--n-tabs-title-order: 2;\">\n\t\t\t\t\t\t<span class=\"e-n-tab-title-text\">\n\t\t\t\t\u00c0 la carte menu\t\t\t<\/span>\n\t\t<\/button>\n\t\t\t\t<button id=\"e-n-tab-title-391709323\" data-tab-title-id=\"e-n-tab-title-391709323\" class=\"e-n-tab-title\" aria-selected=\"false\" data-tab-index=\"3\" role=\"tab\" tabindex=\"-1\" aria-controls=\"e-n-tab-content-391709323\" style=\"--n-tabs-title-order: 3;\">\n\t\t\t\t\t\t<span class=\"e-n-tab-title-text\">\n\t\t\t\tWine Menu\t\t\t<\/span>\n\t\t<\/button>\n\t\t\t\t\t<\/div>\n\t\t\t<div class=\"e-n-tabs-content\">\n\t\t\t\t<div class=\"has_ae_slider e-active elementor-element elementor-element-37116d7 e-con-full e-flex ae-bg-gallery-type-default e-con e-child\" id=\"e-n-tab-content-391709321\" role=\"tabpanel\" aria-labelledby=\"e-n-tab-title-391709321\" data-tab-index=\"1\" style=\"--n-tabs-title-order: 1;\" data-id=\"37116d7\" data-element_type=\"container\">\n\t\t\t\t<div class=\"elementor-element elementor-element-8c16d3b elementor-widget elementor-widget-shortcode\" data-id=\"8c16d3b\" data-element_type=\"widget\" data-widget_type=\"shortcode.default\">\n\t\t\t\t<div class=\"elementor-widget-container\">\n\t\t\t\t\t\t\t<div class=\"elementor-shortcode\"><div class=\"_df_book df-lite\" id=\"df_279\"  _slug=\"279\" data-title=\"set-menu\" wpoptions=\"true\" thumb=\"https:\/\/sub.nadev.website\/wp-content\/uploads\/2025\/02\/NEW-MENU-Jan-2025-1_page-0002.jpg\" thumbtype=\"\" ><\/div><script class=\"df-shortcode-script\" nowprocket type=\"application\/javascript\">window.option_df_279 = {\"outline\":[],\"backgroundColor\":\"#fff\",\"height\":\"800\",\"autoEnableOutline\":\"false\",\"autoEnableThumbnail\":\"false\",\"overwritePDFOutline\":\"false\",\"direction\":\"1\",\"pageSize\":\"0\",\"pageMode\":\"0\",\"source\":\"https:\\\/\\\/sub.nadev.website\\\/wp-content\\\/uploads\\\/2025\\\/02\\\/NEW-MENU-Jan-2025-1.pdf\",\"wpOptions\":\"true\"}; if(window.DFLIP && window.DFLIP.parseBooks){window.DFLIP.parseBooks();}<\/script><\/div>\n\t\t\t\t\t\t<\/div>\n\t\t\t\t<\/div>\n\t\t\t\t<\/div>\n\t\t<div class=\"has_ae_slider  elementor-element elementor-element-ef756d1 e-con-full e-flex ae-bg-gallery-type-default e-con e-child\" id=\"e-n-tab-content-391709322\" role=\"tabpanel\" aria-labelledby=\"e-n-tab-title-391709322\" data-tab-index=\"2\" style=\"--n-tabs-title-order: 2;\" data-id=\"ef756d1\" data-element_type=\"container\">\n\t\t\t\t<div class=\"elementor-element elementor-element-e8046ab elementor-widget elementor-widget-shortcode\" data-id=\"e8046ab\" data-element_type=\"widget\" data-widget_type=\"shortcode.default\">\n\t\t\t\t<div class=\"elementor-widget-container\">\n\t\t\t\t\t\t\t<div class=\"elementor-shortcode\"><div class=\"_df_book df-lite\" id=\"df_292\"  _slug=\"alacate-menu\" data-title=\"alacate-menu\" wpoptions=\"true\" thumbtype=\"\" ><\/div><script class=\"df-shortcode-script\" nowprocket type=\"application\/javascript\">window.option_df_292 = {\"outline\":[],\"backgroundColor\":\"#fff\",\"height\":\"800\",\"autoEnableOutline\":\"false\",\"autoEnableThumbnail\":\"false\",\"overwritePDFOutline\":\"false\",\"direction\":\"1\",\"pageSize\":\"0\",\"source\":\"https:\\\/\\\/sub.nadev.website\\\/wp-content\\\/uploads\\\/2025\\\/02\\\/NEW-MENU-Jan-2025-2.pdf\",\"wpOptions\":\"true\"}; if(window.DFLIP && window.DFLIP.parseBooks){window.DFLIP.parseBooks();}<\/script><\/div>\n\t\t\t\t\t\t<\/div>\n\t\t\t\t<\/div>\n\t\t\t\t<\/div>\n\t\t<div class=\"has_ae_slider  elementor-element elementor-element-b26a6c2 e-con-full e-flex ae-bg-gallery-type-default e-con e-child\" id=\"e-n-tab-content-391709323\" role=\"tabpanel\" aria-labelledby=\"e-n-tab-title-391709323\" data-tab-index=\"3\" style=\"--n-tabs-title-order: 3;\" data-id=\"b26a6c2\" data-element_type=\"container\">\n\t\t\t\t<div class=\"elementor-element elementor-element-109c89b elementor-widget elementor-widget-shortcode\" data-id=\"109c89b\" data-element_type=\"widget\" data-widget_type=\"shortcode.default\">\n\t\t\t\t<div class=\"elementor-widget-container\">\n\t\t\t\t\t\t\t<div class=\"elementor-shortcode\"><div class=\"_df_book df-lite\" id=\"df_295\"  _slug=\"wine-menu\" data-title=\"wine-menu\" wpoptions=\"true\" thumbtype=\"\" ><\/div><script class=\"df-shortcode-script\" nowprocket type=\"application\/javascript\">window.option_df_295 = {\"outline\":[],\"backgroundColor\":\"#fff\",\"height\":\"800\",\"autoEnableOutline\":\"false\",\"autoEnableThumbnail\":\"false\",\"overwritePDFOutline\":\"false\",\"direction\":\"1\",\"pageSize\":\"0\",\"source\":\"https:\\\/\\\/sub.nadev.website\\\/wp-content\\\/uploads\\\/2025\\\/02\\\/Wine-Spectator-Wine-List-2025.pdf\",\"wpOptions\":\"true\"}; if(window.DFLIP && window.DFLIP.parseBooks){window.DFLIP.parseBooks();}<\/script><\/div>\n\t\t\t\t\t\t<\/div>\n\t\t\t\t<\/div>\n\t\t\t\t<\/div>\n\t\t\t\t\t<\/div>\n\t\t<\/div>\n\t\t\t\t\t\t<\/div>\n\t\t\t\t<\/div>\n\t\t\t\t<\/div>\n\t\t\t\t<\/div>","protected":false},"excerpt":{"rendered":"<p>MENU Le Comptoir\u2019s menu is a harmonious blend of tradition and innovation, where the finest seasonal ingredients meet modern global influences. Each dish is a testament to the artistry of Chef Olivier Corti, thoughtfully complemented by a curated wine selection from Sommelier Myriam Moretto. Set Menu (No.2) \u00c0 la carte menu Wine Menu<\/p>","protected":false},"author":1,"featured_media":0,"parent":0,"menu_order":0,"comment_status":"closed","ping_status":"closed","template":"elementor_header_footer","meta":{"footnotes":""},"class_list":["post-123","page","type-page","status-publish","hentry"],"acf":[],"_links":{"self":[{"href":"https:\/\/sub.nadev.website\/vi\/wp-json\/wp\/v2\/pages\/123","targetHints":{"allow":["GET"]}}],"collection":[{"href":"https:\/\/sub.nadev.website\/vi\/wp-json\/wp\/v2\/pages"}],"about":[{"href":"https:\/\/sub.nadev.website\/vi\/wp-json\/wp\/v2\/types\/page"}],"author":[{"embeddable":true,"href":"https:\/\/sub.nadev.website\/vi\/wp-json\/wp\/v2\/users\/1"}],"replies":[{"embeddable":true,"href":"https:\/\/sub.nadev.website\/vi\/wp-json\/wp\/v2\/comments?post=123"}],"version-history":[{"count":76,"href":"https:\/\/sub.nadev.website\/vi\/wp-json\/wp\/v2\/pages\/123\/revisions"}],"predecessor-version":[{"id":1369,"href":"https:\/\/sub.nadev.website\/vi\/wp-json\/wp\/v2\/pages\/123\/revisions\/1369"}],"wp:attachment":[{"href":"https:\/\/sub.nadev.website\/vi\/wp-json\/wp\/v2\/media?parent=123"}],"curies":[{"name":"wp","href":"https:\/\/api.w.org\/{rel}","templated":true}]}}