{"id":125,"date":"2025-02-19T07:28:18","date_gmt":"2025-02-19T07:28:18","guid":{"rendered":"https:\/\/sub.nadev.website\/?page_id=125"},"modified":"2025-03-11T14:53:38","modified_gmt":"2025-03-11T14:53:38","slug":"career","status":"publish","type":"page","link":"https:\/\/sub.nadev.website\/vi\/career\/","title":{"rendered":"Tuy\u1ec3n d\u1ee5ng"},"content":{"rendered":"<div data-elementor-type=\"wp-page\" data-elementor-id=\"125\" class=\"elementor elementor-125\" data-elementor-post-type=\"page\">\n\t\t\t\t<div class=\"has_ae_slider elementor-element elementor-element-536018f e-con-full e-flex ae-bg-gallery-type-default e-con e-parent\" data-id=\"536018f\" data-element_type=\"container\" data-settings=\"{&quot;background_background&quot;:&quot;classic&quot;}\">\n\t\t\t\t<\/div>\n\t\t<div class=\"has_ae_slider elementor-element elementor-element-62aab43 e-con-full e-flex ae-bg-gallery-type-default e-con e-parent\" data-id=\"62aab43\" data-element_type=\"container\">\n\t\t<div class=\"has_ae_slider elementor-element elementor-element-551688c e-con-full scroll-container e-flex ae-bg-gallery-type-default e-con e-child\" data-id=\"551688c\" data-element_type=\"container\" data-settings=\"{&quot;background_background&quot;:&quot;classic&quot;}\">\n\t\t\t\t<div class=\"elementor-element elementor-element-7daaf69 elementor-widget__width-initial elementor-invisible elementor-widget elementor-widget-text-editor\" data-id=\"7daaf69\" data-element_type=\"widget\" data-settings=\"{&quot;_animation&quot;:&quot;fadeInUp&quot;}\" data-widget_type=\"text-editor.default\">\n\t\t\t\t<div class=\"elementor-widget-container\">\n\t\t\t\t\t\t\t\t\t<p><span style=\"font-weight: 400;\">Le Comptoir \u0110\u00e0 N\u1eb5ng, \u0111\u01b0\u1ee3c x\u1ebfp h\u1ea1ng trong TOP 25 nh\u00e0 h\u00e0ng t\u1ea1i Vi\u1ec7t Nam, \u0111ang t\u00ecm ki\u1ebfm nh\u1eefng nh\u00e2n vi\u00ean ph\u1ee5c v\u1ee5 v\u00e0 nh\u00e2n vi\u00ean b\u1ebfp nhi\u1ec7t t\u00ecnh v\u00e0 n\u0103ng \u0111\u1ed9ng \u0111\u1ec3 gia nh\u1eadp \u0111\u1ed9i ng\u0169 c\u1ee7a ch\u00fang t\u00f4i<\/span><\/p>\t\t\t\t\t\t\t\t<\/div>\n\t\t\t\t<\/div>\n\t\t\t\t<\/div>\n\t\t<div class=\"has_ae_slider elementor-element elementor-element-422167e e-flex e-con-boxed ae-bg-gallery-type-default e-con e-child\" data-id=\"422167e\" data-element_type=\"container\" data-settings=\"{&quot;background_background&quot;:&quot;classic&quot;}\">\n\t\t\t\t\t<div class=\"e-con-inner\">\n\t\t\t\t<div class=\"elementor-element elementor-element-41da4f9 elementor-invisible elementor-widget elementor-widget-heading\" data-id=\"41da4f9\" data-element_type=\"widget\" data-settings=\"{&quot;_animation&quot;:&quot;fadeInUp&quot;}\" data-widget_type=\"heading.default\">\n\t\t\t\t<div class=\"elementor-widget-container\">\n\t\t\t\t\t<h2 class=\"elementor-heading-title elementor-size-default\">V\u1ecb tr\u00ed D\u1ecbch v\u1ee5<\/h2>\t\t\t\t<\/div>\n\t\t\t\t<\/div>\n\t\t\t\t<div class=\"elementor-element elementor-element-26e5a44 elementor-grid-2 elementor-grid-tablet-2 elementor-grid-mobile-1 elementor-invisible elementor-widget elementor-widget-loop-grid\" data-id=\"26e5a44\" data-element_type=\"widget\" data-settings=\"{&quot;template_id&quot;:626,&quot;columns&quot;:2,&quot;pagination_type&quot;:&quot;load_more_infinite_scroll&quot;,&quot;_animation&quot;:&quot;fadeInUp&quot;,&quot;_skin&quot;:&quot;post&quot;,&quot;columns_tablet&quot;:&quot;2&quot;,&quot;columns_mobile&quot;:&quot;1&quot;,&quot;edit_handle_selector&quot;:&quot;[data-elementor-type=\\&quot;loop-item\\&quot;]&quot;,&quot;load_more_spinner&quot;:{&quot;value&quot;:&quot;fas fa-spinner&quot;,&quot;library&quot;:&quot;fa-solid&quot;},&quot;row_gap&quot;:{&quot;unit&quot;:&quot;px&quot;,&quot;size&quot;:&quot;&quot;,&quot;sizes&quot;:[]},&quot;row_gap_tablet&quot;:{&quot;unit&quot;:&quot;px&quot;,&quot;size&quot;:&quot;&quot;,&quot;sizes&quot;:[]},&quot;row_gap_mobile&quot;:{&quot;unit&quot;:&quot;px&quot;,&quot;size&quot;:&quot;&quot;,&quot;sizes&quot;:[]}}\" data-widget_type=\"loop-grid.post\">\n\t\t\t\t<div class=\"elementor-widget-container\">\n\t\t\t\t\t\t\t<div class=\"elementor-loop-container elementor-grid\">\n\t\t<style id=\"loop-626\">.elementor-626 .elementor-element.elementor-element-40198d1{--display:flex;--flex-direction:column;--container-widget-width:100%;--container-widget-height:initial;--container-widget-flex-grow:0;--container-widget-align-self:initial;--flex-wrap-mobile:wrap;--gap:020px 0px;--row-gap:020px;--column-gap:0px;--margin-top:0px;--margin-bottom:0px;--margin-left:0px;--margin-right:0px;--padding-top:0px;--padding-bottom:0px;--padding-left:0px;--padding-right:0px;}.elementor-widget-theme-post-featured-image .widget-image-caption{color:var( --e-global-color-text );font-family:var( --e-global-typography-text-font-family ), Sans-serif;font-weight:var( --e-global-typography-text-font-weight );}.elementor-626 .elementor-element.elementor-element-9a14804{text-align:center;}.elementor-626 .elementor-element.elementor-element-9a14804 img{width:100%;max-width:100%;height:402px;object-fit:cover;object-position:center center;}.elementor-widget-heading .elementor-heading-title{font-family:var( --e-global-typography-primary-font-family ), Sans-serif;font-weight:var( --e-global-typography-primary-font-weight );color:var( --e-global-color-primary );}.elementor-626 .elementor-element.elementor-element-3f8b0e4 > .elementor-widget-container{margin:0px 0px 0px 0px;padding:0px 0px 0px 0px;}.elementor-626 .elementor-element.elementor-element-3f8b0e4{text-align:center;}.elementor-626 .elementor-element.elementor-element-3f8b0e4 .elementor-heading-title{font-family:\"Raleway\", Sans-serif;font-size:25px;font-weight:500;text-transform:uppercase;letter-spacing:1.5px;color:#FFFFFF;}.elementor-widget-button .elementor-button{background-color:var( --e-global-color-accent );font-family:var( --e-global-typography-accent-font-family ), Sans-serif;font-weight:var( --e-global-typography-accent-font-weight );}.elementor-626 .elementor-element.elementor-element-c2bb6c7 .elementor-button{background-color:#162C3E00;font-family:\"Raleway\", Sans-serif;font-size:12px;font-weight:600;text-transform:uppercase;letter-spacing:2.7px;border-style:solid;border-width:1px 1px 1px 1px;border-color:#FFFFFF;border-radius:0px 0px 0px 0px;padding:10px 40px 10px 40px;}.elementor-626 .elementor-element.elementor-element-c2bb6c7 .elementor-button:hover, .elementor-626 .elementor-element.elementor-element-c2bb6c7 .elementor-button:focus{background-color:#FFFFFF;color:#000000;}.elementor-626 .elementor-element.elementor-element-c2bb6c7 .elementor-button:hover svg, .elementor-626 .elementor-element.elementor-element-c2bb6c7 .elementor-button:focus svg{fill:#000000;}@media(max-width:767px){.elementor-626 .elementor-element.elementor-element-3f8b0e4 .elementor-heading-title{font-size:24px;}}<\/style>\t\t<div data-elementor-type=\"loop-item\" data-elementor-id=\"626\" class=\"elementor elementor-626 e-loop-item e-loop-item-933 post-933 careers type-careers status-publish has-post-thumbnail hentry job-type-service-positions\" data-elementor-post-type=\"elementor_library\" data-custom-edit-handle=\"1\">\n\t\t\t<div class=\"has_ae_slider elementor-element elementor-element-40198d1 e-con-full e-flex ae-bg-gallery-type-default e-con e-parent\" data-id=\"40198d1\" data-element_type=\"container\">\n\t\t\t\t<div class=\"elementor-element elementor-element-9a14804 elementor-widget elementor-widget-theme-post-featured-image elementor-widget-image\" data-id=\"9a14804\" data-element_type=\"widget\" data-widget_type=\"theme-post-featured-image.default\">\n\t\t\t\t<div class=\"elementor-widget-container\">\n\t\t\t\t\t\t\t\t\t\t\t\t\t\t\t<img loading=\"lazy\" decoding=\"async\" width=\"682\" height=\"1024\" src=\"https:\/\/sub.nadev.website\/wp-content\/uploads\/2025\/03\/Service-positions-_-Waiter_waitress-682x1024.jpg\" class=\"attachment-large size-large wp-image-930\" alt=\"\" srcset=\"https:\/\/sub.nadev.website\/wp-content\/uploads\/2025\/03\/Service-positions-_-Waiter_waitress-682x1024.jpg 682w, https:\/\/sub.nadev.website\/wp-content\/uploads\/2025\/03\/Service-positions-_-Waiter_waitress-200x300.jpg 200w, https:\/\/sub.nadev.website\/wp-content\/uploads\/2025\/03\/Service-positions-_-Waiter_waitress-768x1152.jpg 768w, https:\/\/sub.nadev.website\/wp-content\/uploads\/2025\/03\/Service-positions-_-Waiter_waitress-1024x1536.jpg 1024w, https:\/\/sub.nadev.website\/wp-content\/uploads\/2025\/03\/Service-positions-_-Waiter_waitress-1365x2048.jpg 1365w, https:\/\/sub.nadev.website\/wp-content\/uploads\/2025\/03\/Service-positions-_-Waiter_waitress-8x12.jpg 8w, https:\/\/sub.nadev.website\/wp-content\/uploads\/2025\/03\/Service-positions-_-Waiter_waitress-scaled.jpg 1706w\" sizes=\"auto, (max-width: 682px) 100vw, 682px\" \/>\t\t\t\t\t\t\t\t\t\t\t\t\t\t\t<\/div>\n\t\t\t\t<\/div>\n\t\t\t\t<div class=\"elementor-element elementor-element-3f8b0e4 elementor-widget elementor-widget-heading\" data-id=\"3f8b0e4\" data-element_type=\"widget\" data-widget_type=\"heading.default\">\n\t\t\t\t<div class=\"elementor-widget-container\">\n\t\t\t\t\t<h3 class=\"elementor-heading-title elementor-size-default\">Ph\u1ee5c v\u1ee5 b\u00e0n<\/h3>\t\t\t\t<\/div>\n\t\t\t\t<\/div>\n\t\t\t\t<div class=\"elementor-element elementor-element-c2bb6c7 elementor-align-center elementor-widget elementor-widget-button\" data-id=\"c2bb6c7\" data-element_type=\"widget\" data-widget_type=\"button.default\">\n\t\t\t\t<div class=\"elementor-widget-container\">\n\t\t\t\t\t\t\t\t\t<div class=\"elementor-button-wrapper\">\n\t\t\t\t\t<a class=\"elementor-button elementor-button-link elementor-size-sm\" href=\"https:\/\/sub.nadev.website\/vi\/careers\/waiter\/\">\n\t\t\t\t\t\t<span class=\"elementor-button-content-wrapper\">\n\t\t\t\t\t\t\t\t\t<span class=\"elementor-button-text\">Xem  c\u00f4ng vi\u1ec7c<\/span>\n\t\t\t\t\t<\/span>\n\t\t\t\t\t<\/a>\n\t\t\t\t<\/div>\n\t\t\t\t\t\t\t\t<\/div>\n\t\t\t\t<\/div>\n\t\t\t\t<\/div>\n\t\t\t\t<\/div>\n\t\t\t\t<\/div>\n\t\t\t\t\t<span class=\"e-load-more-spinner\">\n\t\t\t\t<svg aria-hidden=\"true\" class=\"e-font-icon-svg e-fas-spinner\" viewbox=\"0 0 512 512\" xmlns=\"http:\/\/www.w3.org\/2000\/svg\"><path d=\"M304 48c0 26.51-21.49 48-48 48s-48-21.49-48-48 21.49-48 48-48 48 21.49 48 48zm-48 368c-26.51 0-48 21.49-48 48s21.49 48 48 48 48-21.49 48-48-21.49-48-48-48zm208-208c-26.51 0-48 21.49-48 48s21.49 48 48 48 48-21.49 48-48-21.49-48-48-48zM96 256c0-26.51-21.49-48-48-48S0 229.49 0 256s21.49 48 48 48 48-21.49 48-48zm12.922 99.078c-26.51 0-48 21.49-48 48s21.49 48 48 48 48-21.49 48-48c0-26.509-21.491-48-48-48zm294.156 0c-26.51 0-48 21.49-48 48s21.49 48 48 48 48-21.49 48-48c0-26.509-21.49-48-48-48zM108.922 60.922c-26.51 0-48 21.49-48 48s21.49 48 48 48 48-21.49 48-48-21.491-48-48-48z\"><\/path><\/svg>\t\t\t<\/span>\n\t\t\n\t\t\t\t\t\t<\/div>\n\t\t\t\t<\/div>\n\t\t\t\t\t<\/div>\n\t\t\t\t<\/div>\n\t\t<div class=\"has_ae_slider elementor-element elementor-element-498d43c e-flex e-con-boxed ae-bg-gallery-type-default e-con e-child\" data-id=\"498d43c\" data-element_type=\"container\" data-settings=\"{&quot;background_background&quot;:&quot;classic&quot;,&quot;animation&quot;:&quot;none&quot;}\">\n\t\t\t\t\t<div class=\"e-con-inner\">\n\t\t\t\t<div class=\"elementor-element elementor-element-d897922 elementor-invisible elementor-widget elementor-widget-heading\" data-id=\"d897922\" data-element_type=\"widget\" data-settings=\"{&quot;_animation&quot;:&quot;fadeInUp&quot;}\" data-widget_type=\"heading.default\">\n\t\t\t\t<div class=\"elementor-widget-container\">\n\t\t\t\t\t<h2 class=\"elementor-heading-title elementor-size-default\">V\u1ecb tr\u00ed b\u1ebfp<\/h2>\t\t\t\t<\/div>\n\t\t\t\t<\/div>\n\t\t\t\t<div class=\"elementor-element elementor-element-70f34bc elementor-grid-2 elementor-grid-tablet-2 elementor-grid-mobile-1 elementor-invisible elementor-widget elementor-widget-loop-grid\" data-id=\"70f34bc\" data-element_type=\"widget\" data-settings=\"{&quot;template_id&quot;:626,&quot;columns&quot;:2,&quot;pagination_type&quot;:&quot;load_more_infinite_scroll&quot;,&quot;_animation&quot;:&quot;fadeInUp&quot;,&quot;_skin&quot;:&quot;post&quot;,&quot;columns_tablet&quot;:&quot;2&quot;,&quot;columns_mobile&quot;:&quot;1&quot;,&quot;edit_handle_selector&quot;:&quot;[data-elementor-type=\\&quot;loop-item\\&quot;]&quot;,&quot;load_more_spinner&quot;:{&quot;value&quot;:&quot;fas fa-spinner&quot;,&quot;library&quot;:&quot;fa-solid&quot;},&quot;row_gap&quot;:{&quot;unit&quot;:&quot;px&quot;,&quot;size&quot;:&quot;&quot;,&quot;sizes&quot;:[]},&quot;row_gap_tablet&quot;:{&quot;unit&quot;:&quot;px&quot;,&quot;size&quot;:&quot;&quot;,&quot;sizes&quot;:[]},&quot;row_gap_mobile&quot;:{&quot;unit&quot;:&quot;px&quot;,&quot;size&quot;:&quot;&quot;,&quot;sizes&quot;:[]}}\" data-widget_type=\"loop-grid.post\">\n\t\t\t\t<div class=\"elementor-widget-container\">\n\t\t\t\t\t\t\t<div class=\"elementor-loop-container elementor-grid\">\n\t\t\t\t<div data-elementor-type=\"loop-item\" data-elementor-id=\"626\" class=\"elementor elementor-626 e-loop-item e-loop-item-935 post-935 careers type-careers status-publish has-post-thumbnail hentry job-type-kitchen-positions\" data-elementor-post-type=\"elementor_library\" data-custom-edit-handle=\"1\">\n\t\t\t<div class=\"has_ae_slider elementor-element elementor-element-40198d1 e-con-full e-flex ae-bg-gallery-type-default e-con e-parent\" data-id=\"40198d1\" data-element_type=\"container\">\n\t\t\t\t<div class=\"elementor-element elementor-element-9a14804 elementor-widget elementor-widget-theme-post-featured-image elementor-widget-image\" data-id=\"9a14804\" data-element_type=\"widget\" data-widget_type=\"theme-post-featured-image.default\">\n\t\t\t\t<div class=\"elementor-widget-container\">\n\t\t\t\t\t\t\t\t\t\t\t\t\t\t\t<img loading=\"lazy\" decoding=\"async\" width=\"683\" height=\"1024\" src=\"https:\/\/sub.nadev.website\/wp-content\/uploads\/2025\/03\/Kitchen-positions-_-Commis-683x1024.jpg\" class=\"attachment-large size-large wp-image-931\" alt=\"\" srcset=\"https:\/\/sub.nadev.website\/wp-content\/uploads\/2025\/03\/Kitchen-positions-_-Commis-683x1024.jpg 683w, https:\/\/sub.nadev.website\/wp-content\/uploads\/2025\/03\/Kitchen-positions-_-Commis-200x300.jpg 200w, https:\/\/sub.nadev.website\/wp-content\/uploads\/2025\/03\/Kitchen-positions-_-Commis-768x1152.jpg 768w, https:\/\/sub.nadev.website\/wp-content\/uploads\/2025\/03\/Kitchen-positions-_-Commis-1024x1536.jpg 1024w, https:\/\/sub.nadev.website\/wp-content\/uploads\/2025\/03\/Kitchen-positions-_-Commis-1365x2048.jpg 1365w, https:\/\/sub.nadev.website\/wp-content\/uploads\/2025\/03\/Kitchen-positions-_-Commis-8x12.jpg 8w, https:\/\/sub.nadev.website\/wp-content\/uploads\/2025\/03\/Kitchen-positions-_-Commis-scaled.jpg 1707w\" sizes=\"auto, (max-width: 683px) 100vw, 683px\" \/>\t\t\t\t\t\t\t\t\t\t\t\t\t\t\t<\/div>\n\t\t\t\t<\/div>\n\t\t\t\t<div class=\"elementor-element elementor-element-3f8b0e4 elementor-widget elementor-widget-heading\" data-id=\"3f8b0e4\" data-element_type=\"widget\" data-widget_type=\"heading.default\">\n\t\t\t\t<div class=\"elementor-widget-container\">\n\t\t\t\t\t<h3 class=\"elementor-heading-title elementor-size-default\">Commis<\/h3>\t\t\t\t<\/div>\n\t\t\t\t<\/div>\n\t\t\t\t<div class=\"elementor-element elementor-element-c2bb6c7 elementor-align-center elementor-widget elementor-widget-button\" data-id=\"c2bb6c7\" data-element_type=\"widget\" data-widget_type=\"button.default\">\n\t\t\t\t<div class=\"elementor-widget-container\">\n\t\t\t\t\t\t\t\t\t<div class=\"elementor-button-wrapper\">\n\t\t\t\t\t<a class=\"elementor-button elementor-button-link elementor-size-sm\" href=\"https:\/\/sub.nadev.website\/vi\/careers\/commis\/\">\n\t\t\t\t\t\t<span class=\"elementor-button-content-wrapper\">\n\t\t\t\t\t\t\t\t\t<span class=\"elementor-button-text\">Xem  c\u00f4ng vi\u1ec7c<\/span>\n\t\t\t\t\t<\/span>\n\t\t\t\t\t<\/a>\n\t\t\t\t<\/div>\n\t\t\t\t\t\t\t\t<\/div>\n\t\t\t\t<\/div>\n\t\t\t\t<\/div>\n\t\t\t\t<\/div>\n\t\t\t\t<div data-elementor-type=\"loop-item\" data-elementor-id=\"626\" class=\"elementor elementor-626 e-loop-item e-loop-item-929 post-929 careers type-careers status-publish has-post-thumbnail hentry job-type-kitchen-positions\" data-elementor-post-type=\"elementor_library\" data-custom-edit-handle=\"1\">\n\t\t\t<div class=\"has_ae_slider elementor-element elementor-element-40198d1 e-con-full e-flex ae-bg-gallery-type-default e-con e-parent\" data-id=\"40198d1\" data-element_type=\"container\">\n\t\t\t\t<div class=\"elementor-element elementor-element-9a14804 elementor-widget elementor-widget-theme-post-featured-image elementor-widget-image\" data-id=\"9a14804\" data-element_type=\"widget\" data-widget_type=\"theme-post-featured-image.default\">\n\t\t\t\t<div class=\"elementor-widget-container\">\n\t\t\t\t\t\t\t\t\t\t\t\t\t\t\t<img loading=\"lazy\" decoding=\"async\" width=\"683\" height=\"1024\" src=\"https:\/\/sub.nadev.website\/wp-content\/uploads\/2025\/03\/Kitchen-positions-_-Demi-Chef-de-Partie-683x1024.jpg\" class=\"attachment-large size-large wp-image-932\" alt=\"\" srcset=\"https:\/\/sub.nadev.website\/wp-content\/uploads\/2025\/03\/Kitchen-positions-_-Demi-Chef-de-Partie-683x1024.jpg 683w, https:\/\/sub.nadev.website\/wp-content\/uploads\/2025\/03\/Kitchen-positions-_-Demi-Chef-de-Partie-200x300.jpg 200w, https:\/\/sub.nadev.website\/wp-content\/uploads\/2025\/03\/Kitchen-positions-_-Demi-Chef-de-Partie-768x1152.jpg 768w, https:\/\/sub.nadev.website\/wp-content\/uploads\/2025\/03\/Kitchen-positions-_-Demi-Chef-de-Partie-1024x1536.jpg 1024w, https:\/\/sub.nadev.website\/wp-content\/uploads\/2025\/03\/Kitchen-positions-_-Demi-Chef-de-Partie-1365x2048.jpg 1365w, https:\/\/sub.nadev.website\/wp-content\/uploads\/2025\/03\/Kitchen-positions-_-Demi-Chef-de-Partie-8x12.jpg 8w, https:\/\/sub.nadev.website\/wp-content\/uploads\/2025\/03\/Kitchen-positions-_-Demi-Chef-de-Partie-scaled.jpg 1707w\" sizes=\"auto, (max-width: 683px) 100vw, 683px\" \/>\t\t\t\t\t\t\t\t\t\t\t\t\t\t\t<\/div>\n\t\t\t\t<\/div>\n\t\t\t\t<div class=\"elementor-element elementor-element-3f8b0e4 elementor-widget elementor-widget-heading\" data-id=\"3f8b0e4\" data-element_type=\"widget\" data-widget_type=\"heading.default\">\n\t\t\t\t<div class=\"elementor-widget-container\">\n\t\t\t\t\t<h3 class=\"elementor-heading-title elementor-size-default\">Demi Chef De Partie<\/h3>\t\t\t\t<\/div>\n\t\t\t\t<\/div>\n\t\t\t\t<div class=\"elementor-element elementor-element-c2bb6c7 elementor-align-center elementor-widget elementor-widget-button\" data-id=\"c2bb6c7\" data-element_type=\"widget\" data-widget_type=\"button.default\">\n\t\t\t\t<div class=\"elementor-widget-container\">\n\t\t\t\t\t\t\t\t\t<div class=\"elementor-button-wrapper\">\n\t\t\t\t\t<a class=\"elementor-button elementor-button-link elementor-size-sm\" href=\"https:\/\/sub.nadev.website\/vi\/careers\/demi-chef-de-partie\/\">\n\t\t\t\t\t\t<span class=\"elementor-button-content-wrapper\">\n\t\t\t\t\t\t\t\t\t<span class=\"elementor-button-text\">Xem  c\u00f4ng vi\u1ec7c<\/span>\n\t\t\t\t\t<\/span>\n\t\t\t\t\t<\/a>\n\t\t\t\t<\/div>\n\t\t\t\t\t\t\t\t<\/div>\n\t\t\t\t<\/div>\n\t\t\t\t<\/div>\n\t\t\t\t<\/div>\n\t\t\t\t<\/div>\n\t\t\t\t\t<span class=\"e-load-more-spinner\">\n\t\t\t\t<svg aria-hidden=\"true\" class=\"e-font-icon-svg e-fas-spinner\" viewbox=\"0 0 512 512\" xmlns=\"http:\/\/www.w3.org\/2000\/svg\"><path d=\"M304 48c0 26.51-21.49 48-48 48s-48-21.49-48-48 21.49-48 48-48 48 21.49 48 48zm-48 368c-26.51 0-48 21.49-48 48s21.49 48 48 48 48-21.49 48-48-21.49-48-48-48zm208-208c-26.51 0-48 21.49-48 48s21.49 48 48 48 48-21.49 48-48-21.49-48-48-48zM96 256c0-26.51-21.49-48-48-48S0 229.49 0 256s21.49 48 48 48 48-21.49 48-48zm12.922 99.078c-26.51 0-48 21.49-48 48s21.49 48 48 48 48-21.49 48-48c0-26.509-21.491-48-48-48zm294.156 0c-26.51 0-48 21.49-48 48s21.49 48 48 48 48-21.49 48-48c0-26.509-21.49-48-48-48zM108.922 60.922c-26.51 0-48 21.49-48 48s21.49 48 48 48 48-21.49 48-48-21.491-48-48-48z\"><\/path><\/svg>\t\t\t<\/span>\n\t\t\n\t\t\t\t\t\t<\/div>\n\t\t\t\t<\/div>\n\t\t\t\t\t<\/div>\n\t\t\t\t<\/div>\n\t\t\t\t<\/div>\n\t\t\t\t<\/div>","protected":false},"excerpt":{"rendered":"<p>Le Comptoir Danang, ranked among the TOP 25 restaurants in Vietnam, is looking for passionate and dynamic service and kitchen staff to join our team. Service Positions Kitchen Positions<\/p>","protected":false},"author":1,"featured_media":0,"parent":0,"menu_order":0,"comment_status":"closed","ping_status":"closed","template":"elementor_header_footer","meta":{"footnotes":""},"class_list":["post-125","page","type-page","status-publish","hentry"],"acf":[],"_links":{"self":[{"href":"https:\/\/sub.nadev.website\/vi\/wp-json\/wp\/v2\/pages\/125","targetHints":{"allow":["GET"]}}],"collection":[{"href":"https:\/\/sub.nadev.website\/vi\/wp-json\/wp\/v2\/pages"}],"about":[{"href":"https:\/\/sub.nadev.website\/vi\/wp-json\/wp\/v2\/types\/page"}],"author":[{"embeddable":true,"href":"https:\/\/sub.nadev.website\/vi\/wp-json\/wp\/v2\/users\/1"}],"replies":[{"embeddable":true,"href":"https:\/\/sub.nadev.website\/vi\/wp-json\/wp\/v2\/comments?post=125"}],"version-history":[{"count":103,"href":"https:\/\/sub.nadev.website\/vi\/wp-json\/wp\/v2\/pages\/125\/revisions"}],"predecessor-version":[{"id":1372,"href":"https:\/\/sub.nadev.website\/vi\/wp-json\/wp\/v2\/pages\/125\/revisions\/1372"}],"wp:attachment":[{"href":"https:\/\/sub.nadev.website\/vi\/wp-json\/wp\/v2\/media?parent=125"}],"curies":[{"name":"wp","href":"https:\/\/api.w.org\/{rel}","templated":true}]}}