{"id":127,"date":"2025-02-19T07:28:37","date_gmt":"2025-02-19T07:28:37","guid":{"rendered":"https:\/\/sub.nadev.website\/?page_id=127"},"modified":"2025-03-13T01:43:54","modified_gmt":"2025-03-13T01:43:54","slug":"in-the-news","status":"publish","type":"page","link":"https:\/\/sub.nadev.website\/vi\/in-the-news\/","title":{"rendered":"In The News"},"content":{"rendered":"<div data-elementor-type=\"wp-page\" data-elementor-id=\"127\" class=\"elementor elementor-127\" data-elementor-settings=\"{&quot;scroll_snap&quot;:&quot;yes&quot;}\" data-elementor-post-type=\"page\">\n\t\t\t\t<div class=\"has_ae_slider elementor-element elementor-element-606c96b e-con-full scroll-container e-flex ae-bg-gallery-type-default e-con e-parent\" data-id=\"606c96b\" data-element_type=\"container\" data-settings=\"{&quot;background_background&quot;:&quot;classic&quot;}\">\n\t\t<div class=\"has_ae_slider elementor-element elementor-element-efad032 e-con-full e-flex ae-bg-gallery-type-default e-con e-child\" data-id=\"efad032\" data-element_type=\"container\" data-settings=\"{&quot;background_background&quot;:&quot;classic&quot;}\">\n\t\t\t\t<\/div>\n\t\t<div class=\"has_ae_slider elementor-element elementor-element-ca12c68 e-con-full e-flex ae-bg-gallery-type-default e-con e-child\" data-id=\"ca12c68\" data-element_type=\"container\">\n\t\t<div class=\"has_ae_slider elementor-element elementor-element-a1c8670 e-con-full animated-fast e-flex ae-bg-gallery-type-default elementor-invisible e-con e-child\" data-id=\"a1c8670\" data-element_type=\"container\" data-settings=\"{&quot;animation&quot;:&quot;fadeInUp&quot;}\">\n\t\t\t\t<div class=\"elementor-element elementor-element-b7962db elementor-widget elementor-widget-heading\" data-id=\"b7962db\" data-element_type=\"widget\" data-widget_type=\"heading.default\">\n\t\t\t\t<div class=\"elementor-widget-container\">\n\t\t\t\t\t<h3 class=\"elementor-heading-title elementor-size-default\">Tin m\u1edbi nh\u1ea5t<\/h3>\t\t\t\t<\/div>\n\t\t\t\t<\/div>\n\t\t\t\t<div class=\"elementor-element elementor-element-9e11e11 elementor-widget-divider--view-line elementor-widget elementor-widget-divider\" data-id=\"9e11e11\" data-element_type=\"widget\" data-widget_type=\"divider.default\">\n\t\t\t\t<div class=\"elementor-widget-container\">\n\t\t\t\t\t\t\t<div class=\"elementor-divider\">\n\t\t\t<span class=\"elementor-divider-separator\">\n\t\t\t\t\t\t<\/span>\n\t\t<\/div>\n\t\t\t\t\t\t<\/div>\n\t\t\t\t<\/div>\n\t\t\t\t<div class=\"elementor-element elementor-element-3d16ae2 elementor-widget elementor-widget-heading\" data-id=\"3d16ae2\" data-element_type=\"widget\" data-widget_type=\"heading.default\">\n\t\t\t\t<div class=\"elementor-widget-container\">\n\t\t\t\t\t<h2 class=\"elementor-heading-title elementor-size-default\">Tatler best of vietnam 2025<\/h2>\t\t\t\t<\/div>\n\t\t\t\t<\/div>\n\t\t\t\t<div class=\"elementor-element elementor-element-d67570e elementor-widget elementor-widget-text-editor\" data-id=\"d67570e\" data-element_type=\"widget\" data-widget_type=\"text-editor.default\">\n\t\t\t\t<div class=\"elementor-widget-container\">\n\t\t\t\t\t\t\t\t\t<p>Tatler Best, h\u01b0\u1edbng d\u1eabn vi\u00ean uy t\u00edn h\u00e0ng \u0111\u1ea7u Ch\u00e2u \u00c1 \u0111\u00e3 ch\u00ednh th\u1ee9c mang v\u1ec1 Vi\u1ec7t Nam gi\u1ea3i th\u01b0\u1edfng danh gi\u00e1 Tatler Best of Vietnam 2025 v\u1edbi vi\u1ec7c c\u00f4ng b\u1ed1 danh s\u00e1ch \u0111\u1ec1 c\u1eed di\u1ec5n ra t\u1ea1i kh\u00e1ch s\u1ea1n Le M\u00e9ridien S\u00e0i G\u00f2n.<\/p>\t\t\t\t\t\t\t\t<\/div>\n\t\t\t\t<\/div>\n\t\t\t\t<div class=\"elementor-element elementor-element-aabccc8 elementor-align-left elementor-widget elementor-widget-button\" data-id=\"aabccc8\" data-element_type=\"widget\" data-widget_type=\"button.default\">\n\t\t\t\t<div class=\"elementor-widget-container\">\n\t\t\t\t\t\t\t\t\t<div class=\"elementor-button-wrapper\">\n\t\t\t\t\t<a class=\"elementor-button elementor-button-link elementor-size-sm\" href=\"https:\/\/www.tatlerasia.com\/lifestyle\/travel\/tatler-best-of-vietnam-2025-nomination-list-vn\">\n\t\t\t\t\t\t<span class=\"elementor-button-content-wrapper\">\n\t\t\t\t\t\t\t\t\t<span class=\"elementor-button-text\">XEM TH\u00caM<\/span>\n\t\t\t\t\t<\/span>\n\t\t\t\t\t<\/a>\n\t\t\t\t<\/div>\n\t\t\t\t\t\t\t\t<\/div>\n\t\t\t\t<\/div>\n\t\t\t\t<\/div>\n\t\t\t\t<\/div>\n\t\t\t\t<\/div>\n\t\t<div class=\"has_ae_slider elementor-element elementor-element-82ec8ab e-con-full e-flex ae-bg-gallery-type-default e-con e-parent\" data-id=\"82ec8ab\" data-element_type=\"container\" data-settings=\"{&quot;background_background&quot;:&quot;classic&quot;}\">\n\t\t\t\t<div class=\"elementor-element elementor-element-9d55bef ae-acf-repeater-layout-grid elementor-invisible elementor-widget elementor-widget-ae-acf-repeater\" data-id=\"9d55bef\" data-element_type=\"widget\" data-settings=\"{&quot;_animation&quot;:&quot;fadeIn&quot;,&quot;layout_mode&quot;:&quot;grid&quot;,&quot;columns&quot;:&quot;3&quot;,&quot;columns_tablet&quot;:&quot;2&quot;,&quot;columns_mobile&quot;:&quot;1&quot;}\" data-widget_type=\"ae-acf-repeater.default\">\n\t\t\t\t<div class=\"elementor-widget-container\">\n\t\t\t\t\t\t\t\t\t\t\t<div data-pid=\"127\" data-wid=\"9d55bef\" class=\"ae-acf-repeater-widget-wrapper ae-masonry-\"> \n\t\t\t\t\t\t\t\t\t\t\t\t<div class=\"ae-acf-repeater-wrapper\">\n\t\t\t\t\t\t\t\t\t\t\t<div class=\"ae-acf-repeater-item\">\n\t\t\t\t\t\t\t<div class=\"ae-acf-repeater-inner\">\n\t\t\t\t\t\t\t\t\t\t\t\t\t\t\t\t<div class=\"ae_data elementor elementor-567\">\n\t\t\t\t\t\t\t\t\t\t\t\t\t\t\t\t\t\t\t<div data-elementor-type=\"wp-post\" data-elementor-id=\"567\" class=\"elementor elementor-567\" data-elementor-post-type=\"ae_global_templates\">\n\t\t\t\t<div class=\"has_ae_slider elementor-element elementor-element-ef717e3 e-con-full e-flex ae-bg-gallery-type-default e-con e-parent\" data-id=\"ef717e3\" data-element_type=\"container\">\n\t\t<div class=\"has_ae_slider elementor-element elementor-element-6793ef9 e-con-full outer-container e-flex ae-bg-gallery-type-default e-con e-child\" data-id=\"6793ef9\" data-element_type=\"container\" data-settings=\"{&quot;background_background&quot;:&quot;classic&quot;}\">\n\t\t\t\t<div class=\"elementor-element elementor-element-f4a7fd3 img-rp elementor-widget elementor-widget-image\" data-id=\"f4a7fd3\" data-element_type=\"widget\" data-widget_type=\"image.default\">\n\t\t\t\t<div class=\"elementor-widget-container\">\n\t\t\t\t\t\t\t\t\t\t\t\t\t\t\t<img loading=\"lazy\" decoding=\"async\" width=\"1920\" height=\"1280\" src=\"https:\/\/sub.nadev.website\/wp-content\/uploads\/2025\/02\/BOMM0102-4.webp\" class=\"attachment-full size-full wp-image-170\" alt=\"\" srcset=\"https:\/\/sub.nadev.website\/wp-content\/uploads\/2025\/02\/BOMM0102-4.webp 1920w, https:\/\/sub.nadev.website\/wp-content\/uploads\/2025\/02\/BOMM0102-4-300x200.webp 300w, https:\/\/sub.nadev.website\/wp-content\/uploads\/2025\/02\/BOMM0102-4-1024x683.webp 1024w, https:\/\/sub.nadev.website\/wp-content\/uploads\/2025\/02\/BOMM0102-4-768x512.webp 768w, https:\/\/sub.nadev.website\/wp-content\/uploads\/2025\/02\/BOMM0102-4-1536x1024.webp 1536w\" sizes=\"auto, (max-width: 1920px) 100vw, 1920px\" \/>\t\t\t\t\t\t\t\t\t\t\t\t\t\t\t<\/div>\n\t\t\t\t<\/div>\n\t\t\t\t<\/div>\n\t\t<div class=\"has_ae_slider elementor-element elementor-element-29c6b55 e-con-full outer-container e-flex ae-bg-gallery-type-default e-con e-child\" data-id=\"29c6b55\" data-element_type=\"container\" data-settings=\"{&quot;background_background&quot;:&quot;classic&quot;,&quot;position&quot;:&quot;absolute&quot;}\">\n\t\t\t\t<div class=\"elementor-element elementor-element-46a7fff elementor-widget elementor-widget-heading\" data-id=\"46a7fff\" data-element_type=\"widget\" data-widget_type=\"heading.default\">\n\t\t\t\t<div class=\"elementor-widget-container\">\n\t\t\t\t\t<h2 class=\"elementor-heading-title elementor-size-default\">Le Comptoir Michelin Guide<\/h2>\t\t\t\t<\/div>\n\t\t\t\t<\/div>\n\t\t\t\t<div class=\"elementor-element elementor-element-875623d elementor-widget elementor-widget-text-editor\" data-id=\"875623d\" data-element_type=\"widget\" data-widget_type=\"text-editor.default\">\n\t\t\t\t<div class=\"elementor-widget-container\">\n\t\t\t\t\t\t\t\t\tRun by a chef from Lyon, France, this restaurant is the epitome of Gallic authenticity\u2026\t\t\t\t\t\t\t\t<\/div>\n\t\t\t\t<\/div>\n\t\t\t\t<div class=\"elementor-element elementor-element-4aca271 elementor-align-left elementor-widget elementor-widget-button\" data-id=\"4aca271\" data-element_type=\"widget\" data-widget_type=\"button.default\">\n\t\t\t\t<div class=\"elementor-widget-container\">\n\t\t\t\t\t\t\t\t\t<div class=\"elementor-button-wrapper\">\n\t\t\t\t\t<a class=\"elementor-button elementor-button-link elementor-size-sm\" href=\"https:\/\/guide.michelin.com\/en\/da-nang-region\/da-nang_2984390\/restaurant\/le-comptoir-1211839\">\n\t\t\t\t\t\t<span class=\"elementor-button-content-wrapper\">\n\t\t\t\t\t\t\t\t\t<span class=\"elementor-button-text\">XEM TH\u00caM<\/span>\n\t\t\t\t\t<\/span>\n\t\t\t\t\t<\/a>\n\t\t\t\t<\/div>\n\t\t\t\t\t\t\t\t<\/div>\n\t\t\t\t<\/div>\n\t\t\t\t<\/div>\n\t\t\t\t<\/div>\n\t\t\t\t<\/div>\n\t\t\t\t\t\t\t\t\t\t\t\t\t\t\t\t\t\t<\/div>\n\t\t\t\t\t\t\t\t\t\t\t\t\t\t\t<\/div>\n\t\t\t\t\t\t<\/div>\n\t\t\t\t\t\t\t\t\t\t\t<div class=\"ae-acf-repeater-item\">\n\t\t\t\t\t\t\t<div class=\"ae-acf-repeater-inner\">\n\t\t\t\t\t\t\t\t\t\t\t\t\t\t\t\t<div class=\"ae_data elementor elementor-567\">\n\t\t\t\t\t\t\t\t\t\t\t\t\t\t\t\t\t\t\t<div data-elementor-type=\"wp-post\" data-elementor-id=\"567\" class=\"elementor elementor-567\" data-elementor-post-type=\"ae_global_templates\">\n\t\t\t\t<div class=\"has_ae_slider elementor-element elementor-element-ef717e3 e-con-full e-flex ae-bg-gallery-type-default e-con e-parent\" data-id=\"ef717e3\" data-element_type=\"container\">\n\t\t<div class=\"has_ae_slider elementor-element elementor-element-6793ef9 e-con-full outer-container e-flex ae-bg-gallery-type-default e-con e-child\" data-id=\"6793ef9\" data-element_type=\"container\" data-settings=\"{&quot;background_background&quot;:&quot;classic&quot;}\">\n\t\t\t\t<div class=\"elementor-element elementor-element-f4a7fd3 img-rp elementor-widget elementor-widget-image\" data-id=\"f4a7fd3\" data-element_type=\"widget\" data-widget_type=\"image.default\">\n\t\t\t\t<div class=\"elementor-widget-container\">\n\t\t\t\t\t\t\t\t\t\t\t\t\t\t\t<img loading=\"lazy\" decoding=\"async\" width=\"1600\" height=\"800\" src=\"https:\/\/sub.nadev.website\/wp-content\/uploads\/2025\/02\/15110117-cover-02_cover_1600x800.jpg\" class=\"attachment-full size-full wp-image-207\" alt=\"\" srcset=\"https:\/\/sub.nadev.website\/wp-content\/uploads\/2025\/02\/15110117-cover-02_cover_1600x800.jpg 1600w, https:\/\/sub.nadev.website\/wp-content\/uploads\/2025\/02\/15110117-cover-02_cover_1600x800-300x150.jpg 300w, https:\/\/sub.nadev.website\/wp-content\/uploads\/2025\/02\/15110117-cover-02_cover_1600x800-1024x512.jpg 1024w, https:\/\/sub.nadev.website\/wp-content\/uploads\/2025\/02\/15110117-cover-02_cover_1600x800-768x384.jpg 768w, https:\/\/sub.nadev.website\/wp-content\/uploads\/2025\/02\/15110117-cover-02_cover_1600x800-1536x768.jpg 1536w\" sizes=\"auto, (max-width: 1600px) 100vw, 1600px\" \/>\t\t\t\t\t\t\t\t\t\t\t\t\t\t\t<\/div>\n\t\t\t\t<\/div>\n\t\t\t\t<\/div>\n\t\t<div class=\"has_ae_slider elementor-element elementor-element-29c6b55 e-con-full outer-container e-flex ae-bg-gallery-type-default e-con e-child\" data-id=\"29c6b55\" data-element_type=\"container\" data-settings=\"{&quot;background_background&quot;:&quot;classic&quot;,&quot;position&quot;:&quot;absolute&quot;}\">\n\t\t\t\t<div class=\"elementor-element elementor-element-46a7fff elementor-widget elementor-widget-heading\" data-id=\"46a7fff\" data-element_type=\"widget\" data-widget_type=\"heading.default\">\n\t\t\t\t<div class=\"elementor-widget-container\">\n\t\t\t\t\t<h2 class=\"elementor-heading-title elementor-size-default\">Tatler Best of Vietnam 2025<\/h2>\t\t\t\t<\/div>\n\t\t\t\t<\/div>\n\t\t\t\t<div class=\"elementor-element elementor-element-875623d elementor-widget elementor-widget-text-editor\" data-id=\"875623d\" data-element_type=\"widget\" data-widget_type=\"text-editor.default\">\n\t\t\t\t<div class=\"elementor-widget-container\">\n\t\t\t\t\t\t\t\t\tTatler Best, Asia&#8217;s leading reputable guide, has officially brought to Vietnam&#8230;\t\t\t\t\t\t\t\t<\/div>\n\t\t\t\t<\/div>\n\t\t\t\t<div class=\"elementor-element elementor-element-4aca271 elementor-align-left elementor-widget elementor-widget-button\" data-id=\"4aca271\" data-element_type=\"widget\" data-widget_type=\"button.default\">\n\t\t\t\t<div class=\"elementor-widget-container\">\n\t\t\t\t\t\t\t\t\t<div class=\"elementor-button-wrapper\">\n\t\t\t\t\t<a class=\"elementor-button elementor-button-link elementor-size-sm\" href=\"https:\/\/www.tatlerasia.com\/lifestyle\/travel\/tatler-best-of-vietnam-2025-nomination-list-vn\">\n\t\t\t\t\t\t<span class=\"elementor-button-content-wrapper\">\n\t\t\t\t\t\t\t\t\t<span class=\"elementor-button-text\">XEM TH\u00caM<\/span>\n\t\t\t\t\t<\/span>\n\t\t\t\t\t<\/a>\n\t\t\t\t<\/div>\n\t\t\t\t\t\t\t\t<\/div>\n\t\t\t\t<\/div>\n\t\t\t\t<\/div>\n\t\t\t\t<\/div>\n\t\t\t\t<\/div>\n\t\t\t\t\t\t\t\t\t\t\t\t\t\t\t\t\t\t<\/div>\n\t\t\t\t\t\t\t\t\t\t\t\t\t\t\t<\/div>\n\t\t\t\t\t\t<\/div>\n\t\t\t\t\t\t\t\t\t\t\t<div class=\"ae-acf-repeater-item\">\n\t\t\t\t\t\t\t<div class=\"ae-acf-repeater-inner\">\n\t\t\t\t\t\t\t\t\t\t\t\t\t\t\t\t<div class=\"ae_data elementor elementor-567\">\n\t\t\t\t\t\t\t\t\t\t\t\t\t\t\t\t\t\t\t<div data-elementor-type=\"wp-post\" data-elementor-id=\"567\" class=\"elementor elementor-567\" data-elementor-post-type=\"ae_global_templates\">\n\t\t\t\t<div class=\"has_ae_slider elementor-element elementor-element-ef717e3 e-con-full e-flex ae-bg-gallery-type-default e-con e-parent\" data-id=\"ef717e3\" data-element_type=\"container\">\n\t\t<div class=\"has_ae_slider elementor-element elementor-element-6793ef9 e-con-full outer-container e-flex ae-bg-gallery-type-default e-con e-child\" data-id=\"6793ef9\" data-element_type=\"container\" data-settings=\"{&quot;background_background&quot;:&quot;classic&quot;}\">\n\t\t\t\t<div class=\"elementor-element elementor-element-f4a7fd3 img-rp elementor-widget elementor-widget-image\" data-id=\"f4a7fd3\" data-element_type=\"widget\" data-widget_type=\"image.default\">\n\t\t\t\t<div class=\"elementor-widget-container\">\n\t\t\t\t\t\t\t\t\t\t\t\t\t\t\t<img loading=\"lazy\" decoding=\"async\" width=\"1600\" height=\"900\" src=\"https:\/\/sub.nadev.website\/wp-content\/uploads\/2025\/02\/dc2a2edf-38f1-4f5f-992b-1761b3ffc956.png\" class=\"attachment-full size-full wp-image-209\" alt=\"\" srcset=\"https:\/\/sub.nadev.website\/wp-content\/uploads\/2025\/02\/dc2a2edf-38f1-4f5f-992b-1761b3ffc956.png 1600w, https:\/\/sub.nadev.website\/wp-content\/uploads\/2025\/02\/dc2a2edf-38f1-4f5f-992b-1761b3ffc956-300x169.png 300w, https:\/\/sub.nadev.website\/wp-content\/uploads\/2025\/02\/dc2a2edf-38f1-4f5f-992b-1761b3ffc956-1024x576.png 1024w, https:\/\/sub.nadev.website\/wp-content\/uploads\/2025\/02\/dc2a2edf-38f1-4f5f-992b-1761b3ffc956-768x432.png 768w, https:\/\/sub.nadev.website\/wp-content\/uploads\/2025\/02\/dc2a2edf-38f1-4f5f-992b-1761b3ffc956-1536x864.png 1536w\" sizes=\"auto, (max-width: 1600px) 100vw, 1600px\" \/>\t\t\t\t\t\t\t\t\t\t\t\t\t\t\t<\/div>\n\t\t\t\t<\/div>\n\t\t\t\t<\/div>\n\t\t<div class=\"has_ae_slider elementor-element elementor-element-29c6b55 e-con-full outer-container e-flex ae-bg-gallery-type-default e-con e-child\" data-id=\"29c6b55\" data-element_type=\"container\" data-settings=\"{&quot;background_background&quot;:&quot;classic&quot;,&quot;position&quot;:&quot;absolute&quot;}\">\n\t\t\t\t<div class=\"elementor-element elementor-element-46a7fff elementor-widget elementor-widget-heading\" data-id=\"46a7fff\" data-element_type=\"widget\" data-widget_type=\"heading.default\">\n\t\t\t\t<div class=\"elementor-widget-container\">\n\t\t\t\t\t<h2 class=\"elementor-heading-title elementor-size-default\">Robb Report Gourmet Collection 2023<\/h2>\t\t\t\t<\/div>\n\t\t\t\t<\/div>\n\t\t\t\t<div class=\"elementor-element elementor-element-875623d elementor-widget elementor-widget-text-editor\" data-id=\"875623d\" data-element_type=\"widget\" data-widget_type=\"text-editor.default\">\n\t\t\t\t<div class=\"elementor-widget-container\">\n\t\t\t\t\t\t\t\t\tRobb Report Vietnam held an official party to announce the Top 25 restaurants&#8230;\t\t\t\t\t\t\t\t<\/div>\n\t\t\t\t<\/div>\n\t\t\t\t<div class=\"elementor-element elementor-element-4aca271 elementor-align-left elementor-widget elementor-widget-button\" data-id=\"4aca271\" data-element_type=\"widget\" data-widget_type=\"button.default\">\n\t\t\t\t<div class=\"elementor-widget-container\">\n\t\t\t\t\t\t\t\t\t<div class=\"elementor-button-wrapper\">\n\t\t\t\t\t<a class=\"elementor-button elementor-button-link elementor-size-sm\" href=\"https:\/\/www.robbreport.com.vn\/cong-bo-top-25-nha-hang-thuoc-robb-report-gourmet-collection-2023\">\n\t\t\t\t\t\t<span class=\"elementor-button-content-wrapper\">\n\t\t\t\t\t\t\t\t\t<span class=\"elementor-button-text\">XEM TH\u00caM<\/span>\n\t\t\t\t\t<\/span>\n\t\t\t\t\t<\/a>\n\t\t\t\t<\/div>\n\t\t\t\t\t\t\t\t<\/div>\n\t\t\t\t<\/div>\n\t\t\t\t<\/div>\n\t\t\t\t<\/div>\n\t\t\t\t<\/div>\n\t\t\t\t\t\t\t\t\t\t\t\t\t\t\t\t\t\t<\/div>\n\t\t\t\t\t\t\t\t\t\t\t\t\t\t\t<\/div>\n\t\t\t\t\t\t<\/div>\n\t\t\t\t\t\t\t\t\t\t\t<div class=\"ae-acf-repeater-item\">\n\t\t\t\t\t\t\t<div class=\"ae-acf-repeater-inner\">\n\t\t\t\t\t\t\t\t\t\t\t\t\t\t\t\t<div class=\"ae_data elementor elementor-567\">\n\t\t\t\t\t\t\t\t\t\t\t\t\t\t\t\t\t\t\t<div data-elementor-type=\"wp-post\" data-elementor-id=\"567\" class=\"elementor elementor-567\" data-elementor-post-type=\"ae_global_templates\">\n\t\t\t\t<div class=\"has_ae_slider elementor-element elementor-element-ef717e3 e-con-full e-flex ae-bg-gallery-type-default e-con e-parent\" data-id=\"ef717e3\" data-element_type=\"container\">\n\t\t<div class=\"has_ae_slider elementor-element elementor-element-6793ef9 e-con-full outer-container e-flex ae-bg-gallery-type-default e-con e-child\" data-id=\"6793ef9\" data-element_type=\"container\" data-settings=\"{&quot;background_background&quot;:&quot;classic&quot;}\">\n\t\t\t\t<div class=\"elementor-element elementor-element-f4a7fd3 img-rp elementor-widget elementor-widget-image\" data-id=\"f4a7fd3\" data-element_type=\"widget\" data-widget_type=\"image.default\">\n\t\t\t\t<div class=\"elementor-widget-container\">\n\t\t\t\t\t\t\t\t\t\t\t\t\t\t\t<img loading=\"lazy\" decoding=\"async\" width=\"1600\" height=\"900\" src=\"https:\/\/sub.nadev.website\/wp-content\/uploads\/2025\/02\/36b740e6-5e23-478f-8efa-f37e006f6590-1.png\" class=\"attachment-full size-full wp-image-210\" alt=\"\" srcset=\"https:\/\/sub.nadev.website\/wp-content\/uploads\/2025\/02\/36b740e6-5e23-478f-8efa-f37e006f6590-1.png 1600w, https:\/\/sub.nadev.website\/wp-content\/uploads\/2025\/02\/36b740e6-5e23-478f-8efa-f37e006f6590-1-300x169.png 300w, https:\/\/sub.nadev.website\/wp-content\/uploads\/2025\/02\/36b740e6-5e23-478f-8efa-f37e006f6590-1-1024x576.png 1024w, https:\/\/sub.nadev.website\/wp-content\/uploads\/2025\/02\/36b740e6-5e23-478f-8efa-f37e006f6590-1-768x432.png 768w, https:\/\/sub.nadev.website\/wp-content\/uploads\/2025\/02\/36b740e6-5e23-478f-8efa-f37e006f6590-1-1536x864.png 1536w\" sizes=\"auto, (max-width: 1600px) 100vw, 1600px\" \/>\t\t\t\t\t\t\t\t\t\t\t\t\t\t\t<\/div>\n\t\t\t\t<\/div>\n\t\t\t\t<\/div>\n\t\t<div class=\"has_ae_slider elementor-element elementor-element-29c6b55 e-con-full outer-container e-flex ae-bg-gallery-type-default e-con e-child\" data-id=\"29c6b55\" data-element_type=\"container\" data-settings=\"{&quot;background_background&quot;:&quot;classic&quot;,&quot;position&quot;:&quot;absolute&quot;}\">\n\t\t\t\t<div class=\"elementor-element elementor-element-46a7fff elementor-widget elementor-widget-heading\" data-id=\"46a7fff\" data-element_type=\"widget\" data-widget_type=\"heading.default\">\n\t\t\t\t<div class=\"elementor-widget-container\">\n\t\t\t\t\t<h2 class=\"elementor-heading-title elementor-size-default\">Robb Report Gourmet Collection 2024<\/h2>\t\t\t\t<\/div>\n\t\t\t\t<\/div>\n\t\t\t\t<div class=\"elementor-element elementor-element-875623d elementor-widget elementor-widget-text-editor\" data-id=\"875623d\" data-element_type=\"widget\" data-widget_type=\"text-editor.default\">\n\t\t\t\t<div class=\"elementor-widget-container\">\n\t\t\t\t\t\t\t\t\tRobb Report Vietnam held a party honoring the Top 25 restaurants and other names &#8230;\t\t\t\t\t\t\t\t<\/div>\n\t\t\t\t<\/div>\n\t\t\t\t<div class=\"elementor-element elementor-element-4aca271 elementor-align-left elementor-widget elementor-widget-button\" data-id=\"4aca271\" data-element_type=\"widget\" data-widget_type=\"button.default\">\n\t\t\t\t<div class=\"elementor-widget-container\">\n\t\t\t\t\t\t\t\t\t<div class=\"elementor-button-wrapper\">\n\t\t\t\t\t<a class=\"elementor-button elementor-button-link elementor-size-sm\" href=\"https:\/\/www.robbreport.com.vn\/lo-dien-top-25-nha-hang-cua-giai-thuong-robb-report-gourmet-collection-2024-\">\n\t\t\t\t\t\t<span class=\"elementor-button-content-wrapper\">\n\t\t\t\t\t\t\t\t\t<span class=\"elementor-button-text\">XEM TH\u00caM<\/span>\n\t\t\t\t\t<\/span>\n\t\t\t\t\t<\/a>\n\t\t\t\t<\/div>\n\t\t\t\t\t\t\t\t<\/div>\n\t\t\t\t<\/div>\n\t\t\t\t<\/div>\n\t\t\t\t<\/div>\n\t\t\t\t<\/div>\n\t\t\t\t\t\t\t\t\t\t\t\t\t\t\t\t\t\t<\/div>\n\t\t\t\t\t\t\t\t\t\t\t\t\t\t\t<\/div>\n\t\t\t\t\t\t<\/div>\n\t\t\t\t\t\t\t\t\t<\/div>\n\t\t\t\t\t\t\t\t\t\t\t\t\t\t\t\t\t\t\t\t<\/div>\n\t\t\t\t\t\t\t\t\t<\/div>\n\t\t\t\t<\/div>\n\t\t\t\t<\/div>\n\t\t\t\t<\/div>","protected":false},"excerpt":{"rendered":"<p>LATEST NEWS Tatler best of vietnam 2025 Tatler Best, Asia&#8217;s leading reputable guide, has officially brought to Vietnam the prestigious Tatler Best of Vietnam 2025 award with the announcement of the nomination list taking place at Le M\u00e9ridien Saigon hotel. READ MORE READ MORE READ MORE READ MORE READ MORE<\/p>","protected":false},"author":1,"featured_media":0,"parent":0,"menu_order":0,"comment_status":"open","ping_status":"closed","template":"elementor_header_footer","meta":{"footnotes":""},"class_list":["post-127","page","type-page","status-publish","hentry"],"acf":[],"_links":{"self":[{"href":"https:\/\/sub.nadev.website\/vi\/wp-json\/wp\/v2\/pages\/127","targetHints":{"allow":["GET"]}}],"collection":[{"href":"https:\/\/sub.nadev.website\/vi\/wp-json\/wp\/v2\/pages"}],"about":[{"href":"https:\/\/sub.nadev.website\/vi\/wp-json\/wp\/v2\/types\/page"}],"author":[{"embeddable":true,"href":"https:\/\/sub.nadev.website\/vi\/wp-json\/wp\/v2\/users\/1"}],"replies":[{"embeddable":true,"href":"https:\/\/sub.nadev.website\/vi\/wp-json\/wp\/v2\/comments?post=127"}],"version-history":[{"count":86,"href":"https:\/\/sub.nadev.website\/vi\/wp-json\/wp\/v2\/pages\/127\/revisions"}],"predecessor-version":[{"id":1454,"href":"https:\/\/sub.nadev.website\/vi\/wp-json\/wp\/v2\/pages\/127\/revisions\/1454"}],"wp:attachment":[{"href":"https:\/\/sub.nadev.website\/vi\/wp-json\/wp\/v2\/media?parent=127"}],"curies":[{"name":"wp","href":"https:\/\/api.w.org\/{rel}","templated":true}]}}