{"id":131,"date":"2025-02-19T07:29:03","date_gmt":"2025-02-19T07:29:03","guid":{"rendered":"https:\/\/sub.nadev.website\/?page_id=131"},"modified":"2025-03-11T19:11:39","modified_gmt":"2025-03-11T19:11:39","slug":"reservation","status":"publish","type":"page","link":"https:\/\/sub.nadev.website\/vi\/reservation\/","title":{"rendered":"\u0110\u1eb7t b\u00e0n"},"content":{"rendered":"<div data-elementor-type=\"wp-page\" data-elementor-id=\"131\" class=\"elementor elementor-131\" data-elementor-settings=\"{&quot;scroll_snap&quot;:&quot;yes&quot;}\" data-elementor-post-type=\"page\">\n\t\t\t\t<div class=\"has_ae_slider elementor-element elementor-element-002095d e-con-full scroll-container e-flex ae-bg-gallery-type-default e-con e-parent\" data-id=\"002095d\" data-element_type=\"container\" data-settings=\"{&quot;background_background&quot;:&quot;classic&quot;}\">\n\t\t<div class=\"has_ae_slider elementor-element elementor-element-e5ee35d e-con-full e-flex ae-bg-gallery-type-default e-con e-child\" data-id=\"e5ee35d\" data-element_type=\"container\">\n\t\t<div class=\"has_ae_slider elementor-element elementor-element-5928d17 e-con-full animated-fast e-flex ae-bg-gallery-type-default elementor-invisible e-con e-child\" data-id=\"5928d17\" data-element_type=\"container\" data-settings=\"{&quot;animation&quot;:&quot;fadeInUp&quot;}\">\n\t\t\t\t<div class=\"elementor-element elementor-element-0c0d776 elementor-widget elementor-widget-heading\" data-id=\"0c0d776\" data-element_type=\"widget\" data-widget_type=\"heading.default\">\n\t\t\t\t<div class=\"elementor-widget-container\">\n\t\t\t\t\t<h2 class=\"elementor-heading-title elementor-size-default\">\u0110\u1eb6T B\u00c0N<\/h2>\t\t\t\t<\/div>\n\t\t\t\t<\/div>\n\t\t\t\t<div class=\"elementor-element elementor-element-5af04e1 elementor-widget elementor-widget-text-editor\" data-id=\"5af04e1\" data-element_type=\"widget\" data-widget_type=\"text-editor.default\">\n\t\t\t\t<div class=\"elementor-widget-container\">\n\t\t\t\t\t\t\t\t\t<p><strong>GI\u1edc M\u1ede C\u1eecA<\/strong><\/p><p>M\u1ecdi ng\u00e0y trong tu\u1ea7n<br \/><strong>First seating: 5:00 pm &#8211; 5:30 pm &#8211; 6:00pm<\/strong><\/p><p>(L\u01b0u \u00fd b\u00e0n \u0111\u01b0\u1ee3c \u0111\u1eb7t l\u1ea1i sau 2 gi\u1edd 30 ph\u00fat (\u0110\u1ed1i v\u1edbi c\u00e1c \u0111\u1eb7t ch\u1ed7 tr\u01b0\u1edbc 20:00)<\/p><p><strong>Ch\u1ed7 ng\u1ed3i th\u1ee9 hai: 8:00 pm \u2013 8:30 pm<\/strong><\/p>\t\t\t\t\t\t\t\t<\/div>\n\t\t\t\t<\/div>\n\t\t\t\t<div class=\"elementor-element elementor-element-21728b6 elementor-align-left elementor-widget elementor-widget-button\" data-id=\"21728b6\" data-element_type=\"widget\" data-widget_type=\"button.default\">\n\t\t\t\t<div class=\"elementor-widget-container\">\n\t\t\t\t\t\t\t\t\t<div class=\"elementor-button-wrapper\">\n\t\t\t\t\t<a class=\"elementor-button elementor-button-link elementor-size-sm\" href=\"https:\/\/www.tablecheck.com\/en\/le-comptoir-danang\/reserve\/landing\">\n\t\t\t\t\t\t<span class=\"elementor-button-content-wrapper\">\n\t\t\t\t\t\t\t\t\t<span class=\"elementor-button-text\">MAKE A RESERVATION<\/span>\n\t\t\t\t\t<\/span>\n\t\t\t\t\t<\/a>\n\t\t\t\t<\/div>\n\t\t\t\t\t\t\t\t<\/div>\n\t\t\t\t<\/div>\n\t\t\t\t<\/div>\n\t\t\t\t<\/div>\n\t\t<div class=\"has_ae_slider elementor-element elementor-element-efc9117 e-con-full e-flex ae-bg-gallery-type-default e-con e-child\" data-id=\"efc9117\" data-element_type=\"container\" data-settings=\"{&quot;background_background&quot;:&quot;classic&quot;}\">\n\t\t\t\t<\/div>\n\t\t\t\t<\/div>\n\t\t<div class=\"has_ae_slider elementor-element elementor-element-e901316 e-con-full section e-flex ae-bg-gallery-type-default e-con e-parent\" data-id=\"e901316\" data-element_type=\"container\" data-settings=\"{&quot;background_background&quot;:&quot;classic&quot;}\">\n\t\t<div class=\"has_ae_slider elementor-element elementor-element-9d5de6f e-con-full e-flex ae-bg-gallery-type-default e-con e-child\" data-id=\"9d5de6f\" data-element_type=\"container\" data-settings=\"{&quot;background_background&quot;:&quot;classic&quot;}\">\n\t\t\t\t<\/div>\n\t\t<div class=\"has_ae_slider elementor-element elementor-element-3e7a409 e-con-full e-flex ae-bg-gallery-type-default e-con e-child\" data-id=\"3e7a409\" data-element_type=\"container\">\n\t\t<div class=\"has_ae_slider elementor-element elementor-element-888e445 e-con-full animated-fast e-flex ae-bg-gallery-type-default elementor-invisible e-con e-child\" data-id=\"888e445\" data-element_type=\"container\" data-settings=\"{&quot;animation&quot;:&quot;fadeInUp&quot;}\">\n\t\t\t\t<div class=\"elementor-element elementor-element-0d262f7 elementor-widget elementor-widget-heading\" data-id=\"0d262f7\" data-element_type=\"widget\" data-widget_type=\"heading.default\">\n\t\t\t\t<div class=\"elementor-widget-container\">\n\t\t\t\t\t<h2 class=\"elementor-heading-title elementor-size-default\">CH\u00cdNH S\u00c1CH<\/h2>\t\t\t\t<\/div>\n\t\t\t\t<\/div>\n\t\t\t\t<div class=\"elementor-element elementor-element-cdc8083 elementor-widget elementor-widget-text-editor\" data-id=\"cdc8083\" data-element_type=\"widget\" data-widget_type=\"text-editor.default\">\n\t\t\t\t<div class=\"elementor-widget-container\">\n\t\t\t\t\t\t\t\t\t<p class=\"translation-block\"><b>Ch\u00ednh s\u00e1ch v\u1ec1 \u0111\u1ed9ng v\u1eadt<\/b><b><br><\/b><span style=\"font-weight: 400\">Ch\u00fang t\u00f4i y\u00eau c\u1ea7u kh\u00e1ch h\u00e0ng vui l\u00f2ng kh\u00f4ng mang \u0111\u1ed9ng v\u1eadt v\u00e0o nh\u00e0 h\u00e0ng.<\/span><\/p><p class=\"translation-block\"><b>\u0110\u1eb7t ch\u1ed7 &amp; \u0110\u1ebfn mu\u1ed9n<\/b><b><br><\/b><span style=\"font-weight: 400\">Ch\u00fang t\u00f4i cho ph\u00e9p ch\u1edd 15 ph\u00fat \u0111\u1ed1i v\u1edbi nh\u1eefng ng\u01b0\u1eddi \u0111\u1ebfn mu\u1ed9n m\u00e0 kh\u00f4ng c\u1ea7n b\u00e1o tr\u01b0\u1edbc. Vui l\u00f2ng cho ch\u00fang t\u00f4i bi\u1ebft n\u1ebfu b\u1ea1n \u0111\u1ebfn mu\u1ed9n. Sau 15 ph\u00fat, b\u00e0n c\u1ee7a b\u1ea1n c\u00f3 th\u1ec3 \u0111\u01b0\u1ee3c chuy\u1ec3n cho ng\u01b0\u1eddi kh\u00e1c.<\/span><\/p><p class=\"translation-block\"><b>Ch\u00ednh s\u00e1ch v\u1ec1 n\u00fat chai<\/b><b><br><\/b><span style=\"font-weight: 400\">Kh\u00e1ch \u0111\u01b0\u1ee3c ph\u00e9p mang theo r\u01b0\u1ee3u vang ho\u1eb7c r\u01b0\u1ee3u m\u1ea1nh c\u1ee7a ri\u00eang m\u00ecnh n\u1ebfu ch\u00fang kh\u00f4ng c\u00f3 trong th\u1ef1c \u0111\u01a1n c\u1ee7a ch\u00fang t\u00f4i. Ph\u00ed n\u00fat chai s\u1ebd \u0111\u01b0\u1ee3c \u00e1p d\u1ee5ng.<\/span><span style=\"font-weight: 400\"><br><\/span><span style=\"font-weight: 400\">Ngo\u00e0i ra, v\u1edbi m\u1ed7i chai r\u01b0\u1ee3u b\u1ea1n mang \u0111\u1ebfn, b\u1ea1n c\u00f3 th\u1ec3 ch\u1ecdn m\u1ed9t chai t\u1eeb danh s\u00e1ch r\u01b0\u1ee3u c\u1ee7a ch\u00fang t\u00f4i m\u00e0 kh\u00f4ng ph\u1ea3i tr\u1ea3 ph\u00ed n\u00fat chai.<\/span><\/p><p><b>An to\u00e0n th\u1ef1c ph\u1ea9m &amp; Th\u1ef1c ph\u1ea9m b\u00ean ngo\u00e0i<\/b><\/p><p><span style=\"font-weight: 400;\">S\u1ee9c kh\u1ecfe c\u1ee7a b\u1ea1n l\u00e0 \u01b0u ti\u00ean h\u00e0ng \u0111\u1ea7u c\u1ee7a ch\u00fang t\u00f4i. \u0110\u1ec3 duy tr\u00ec c\u00e1c ti\u00eau chu\u1ea9n an to\u00e0n th\u1ef1c ph\u1ea9m c\u1ee7a ch\u00fang t\u00f4i, ch\u00fang t\u00f4i vui l\u00f2ng y\u00eau c\u1ea7u kh\u00f4ng mang th\u1ee9c \u0103n ho\u1eb7c \u0111\u1ed3 u\u1ed1ng b\u00ean ngo\u00e0i v\u00e0o nh\u00e0 h\u00e0ng, ngo\u1ea1i tr\u1eeb b\u00e1nh m\u1eebng<\/span><\/p>\t\t\t\t\t\t\t\t<\/div>\n\t\t\t\t<\/div>\n\t\t\t\t<\/div>\n\t\t\t\t<\/div>\n\t\t\t\t<\/div>\n\t\t\t\t<\/div>","protected":false},"excerpt":{"rendered":"<p>BOOK A TABLE OPENING HOURS All days of weekFirst seating: 5:00 pm &#8211; 5:30 pm &#8211; 6:00pm (Please be noticed that the table is rebooked after 2 hours and 30 minutes (For the bookings before 20:00) Second seating: 8:00 pm &#8211; 8:30 pm MAKE A RESERVATION policy information Animal PolicyWe kindly ask that guests refrain [&hellip;]<\/p>","protected":false},"author":1,"featured_media":0,"parent":0,"menu_order":0,"comment_status":"closed","ping_status":"closed","template":"elementor_header_footer","meta":{"footnotes":""},"class_list":["post-131","page","type-page","status-publish","hentry"],"acf":[],"_links":{"self":[{"href":"https:\/\/sub.nadev.website\/vi\/wp-json\/wp\/v2\/pages\/131","targetHints":{"allow":["GET"]}}],"collection":[{"href":"https:\/\/sub.nadev.website\/vi\/wp-json\/wp\/v2\/pages"}],"about":[{"href":"https:\/\/sub.nadev.website\/vi\/wp-json\/wp\/v2\/types\/page"}],"author":[{"embeddable":true,"href":"https:\/\/sub.nadev.website\/vi\/wp-json\/wp\/v2\/users\/1"}],"replies":[{"embeddable":true,"href":"https:\/\/sub.nadev.website\/vi\/wp-json\/wp\/v2\/comments?post=131"}],"version-history":[{"count":58,"href":"https:\/\/sub.nadev.website\/vi\/wp-json\/wp\/v2\/pages\/131\/revisions"}],"predecessor-version":[{"id":1401,"href":"https:\/\/sub.nadev.website\/vi\/wp-json\/wp\/v2\/pages\/131\/revisions\/1401"}],"wp:attachment":[{"href":"https:\/\/sub.nadev.website\/vi\/wp-json\/wp\/v2\/media?parent=131"}],"curies":[{"name":"wp","href":"https:\/\/api.w.org\/{rel}","templated":true}]}}