{"id":1439,"date":"2025-03-12T17:22:49","date_gmt":"2025-03-12T17:22:49","guid":{"rendered":"https:\/\/sub.nadev.website\/?page_id=1439"},"modified":"2025-03-13T02:00:55","modified_gmt":"2025-03-13T02:00:55","slug":"myriam-moretto","status":"publish","type":"page","link":"https:\/\/sub.nadev.website\/vi\/myriam-moretto\/","title":{"rendered":"Myriam Moretto"},"content":{"rendered":"<div data-elementor-type=\"wp-page\" data-elementor-id=\"1439\" class=\"elementor elementor-1439\" data-elementor-post-type=\"page\">\n\t\t\t\t<div class=\"has_ae_slider elementor-element elementor-element-8f0bc3d e-con-full section e-flex ae-bg-gallery-type-default e-con e-parent\" data-id=\"8f0bc3d\" data-element_type=\"container\" data-settings=\"{&quot;background_background&quot;:&quot;classic&quot;}\">\n\t\t<div class=\"has_ae_slider elementor-element elementor-element-1419641 e-con-full e-flex ae-bg-gallery-type-default e-con e-child\" data-id=\"1419641\" data-element_type=\"container\" data-settings=\"{&quot;background_background&quot;:&quot;classic&quot;}\">\n\t\t\t\t<\/div>\n\t\t<div class=\"has_ae_slider elementor-element elementor-element-f9f540c e-con-full e-flex ae-bg-gallery-type-default e-con e-child\" data-id=\"f9f540c\" data-element_type=\"container\">\n\t\t<div class=\"has_ae_slider elementor-element elementor-element-83e2d2d e-con-full animated-fast e-flex ae-bg-gallery-type-default elementor-invisible e-con e-child\" data-id=\"83e2d2d\" data-element_type=\"container\" data-settings=\"{&quot;animation&quot;:&quot;fadeInUp&quot;}\">\n\t\t\t\t<div class=\"elementor-element elementor-element-b375939 elementor-widget elementor-widget-heading\" data-id=\"b375939\" data-element_type=\"widget\" data-widget_type=\"heading.default\">\n\t\t\t\t<div class=\"elementor-widget-container\">\n\t\t\t\t\t<h2 class=\"elementor-heading-title elementor-size-default\">Myriam Moretto<\/h2>\t\t\t\t<\/div>\n\t\t\t\t<\/div>\n\t\t\t\t<div class=\"elementor-element elementor-element-9cc85d5 elementor-widget elementor-widget-heading\" data-id=\"9cc85d5\" data-element_type=\"widget\" data-widget_type=\"heading.default\">\n\t\t\t\t<div class=\"elementor-widget-container\">\n\t\t\t\t\t<h3 class=\"elementor-heading-title elementor-size-default\">\u0110\u1ed3ng s\u00e1ng l\u1eadp v\u00e0 Sommelier<\/h3>\t\t\t\t<\/div>\n\t\t\t\t<\/div>\n\t\t\t\t<div class=\"elementor-element elementor-element-7fec66a elementor-widget elementor-widget-text-editor\" data-id=\"7fec66a\" data-element_type=\"widget\" data-widget_type=\"text-editor.default\">\n\t\t\t\t<div class=\"elementor-widget-container\">\n\t\t\t\t\t\t\t\t\t<p>\u1ede tu\u1ed5i 18, chuy\u00ean gia r\u01b0\u1ee3u vang Myriam Moretto b\u1eaft \u0111\u1ea7u s\u1ef1 nghi\u1ec7p t\u1ea1i v\u00f9ng g\u1ea7n Milan, n\u01a1i c\u00f4 nhanh ch\u00f3ng gi\u00e0nh danh hi\u1ec7u Sommelier tr\u1ebb xu\u1ea5t s\u1eafc nh\u1ea5t n\u01b0\u1edbc \u00dd. C\u00f4 ti\u1ebfp t\u1ee5c theo \u0111u\u1ed5i ch\u1ee9ng ch\u1ec9 Master Sommelier, \u0111\u01b0a c\u00f4 \u0111\u1ebfn Ph\u00e1p, n\u01a1i ni\u1ec1m \u0111am m\u00ea v\u1edbi r\u01b0\u1ee3u vang \u0111\u01b0\u1ee3c trau d\u1ed3i v\u00e0 ph\u00e1t tri\u1ec3n gi\u1eefa nh\u1eefng chuy\u00ean gia h\u00e0ng \u0111\u1ea7u th\u1ebf gi\u1edbi.<br \/><br \/><span style=\"font-weight: 400;\">H\u00e0nh tr\u00ecnh c\u1ee7a c\u00f4 tr\u1ea3i d\u00e0i qua c\u00e1c nh\u00e0 h\u00e0ng Michelin danh ti\u1ebfng t\u1ea1i Ph\u00e1p, Monaco, H\u1ed3ng K\u00f4ng v\u00e0 Vi\u1ec7t Nam, n\u01a1i c\u00f4 ho\u00e0n thi\u1ec7n ngh\u1ec7 thu\u1eadt k\u1ebft h\u1ee3p r\u01b0\u1ee3u vang gi\u00fap n\u00e2ng t\u1ea7m tr\u1ea3i nghi\u1ec7m \u1ea9m th\u1ef1c. T\u1ea1i Le Comptoir, Myriam mang \u0111\u1ebfn m\u1ed9t gu th\u01b0\u1edfng th\u1ee9c tinh t\u1ebf, ki\u1ebfn th\u1ee9c s\u00e2u r\u1ed9ng v\u00e0 s\u1ef1 t\u1eadn t\u00e2m trong vi\u1ec7c t\u1ea1o n\u00ean nh\u1eefng tr\u1ea3i nghi\u1ec7m th\u01b0\u1edfng vang \u0111\u1ed9c nh\u1ea5t d\u00e0nh cho t\u1eebng th\u1ef1c kh\u00e1ch.<\/span><\/p>\t\t\t\t\t\t\t\t<\/div>\n\t\t\t\t<\/div>\n\t\t\t\t<\/div>\n\t\t\t\t<\/div>\n\t\t\t\t<\/div>\n\t\t\t\t<\/div>","protected":false},"excerpt":{"rendered":"<p>Le Comptoir is a Michelin-selected fine dining restaurant in Da Nang, Vietnam, offering authentic French cuisine, curated wine pairings, and an intimate gourmet experience.<\/p>","protected":false},"author":1,"featured_media":170,"parent":0,"menu_order":0,"comment_status":"closed","ping_status":"closed","template":"elementor_header_footer","meta":{"footnotes":""},"class_list":["post-1439","page","type-page","status-publish","has-post-thumbnail","hentry"],"acf":[],"_links":{"self":[{"href":"https:\/\/sub.nadev.website\/vi\/wp-json\/wp\/v2\/pages\/1439","targetHints":{"allow":["GET"]}}],"collection":[{"href":"https:\/\/sub.nadev.website\/vi\/wp-json\/wp\/v2\/pages"}],"about":[{"href":"https:\/\/sub.nadev.website\/vi\/wp-json\/wp\/v2\/types\/page"}],"author":[{"embeddable":true,"href":"https:\/\/sub.nadev.website\/vi\/wp-json\/wp\/v2\/users\/1"}],"replies":[{"embeddable":true,"href":"https:\/\/sub.nadev.website\/vi\/wp-json\/wp\/v2\/comments?post=1439"}],"version-history":[{"count":13,"href":"https:\/\/sub.nadev.website\/vi\/wp-json\/wp\/v2\/pages\/1439\/revisions"}],"predecessor-version":[{"id":1470,"href":"https:\/\/sub.nadev.website\/vi\/wp-json\/wp\/v2\/pages\/1439\/revisions\/1470"}],"wp:featuredmedia":[{"embeddable":true,"href":"https:\/\/sub.nadev.website\/vi\/wp-json\/wp\/v2\/media\/170"}],"wp:attachment":[{"href":"https:\/\/sub.nadev.website\/vi\/wp-json\/wp\/v2\/media?parent=1439"}],"curies":[{"name":"wp","href":"https:\/\/api.w.org\/{rel}","templated":true}]}}