{"id":15,"date":"2025-02-14T04:03:56","date_gmt":"2025-02-14T04:03:56","guid":{"rendered":"https:\/\/sub.nadev.website\/?page_id=15"},"modified":"2025-03-13T02:00:30","modified_gmt":"2025-03-13T02:00:30","slug":"oliver-corti","status":"publish","type":"page","link":"https:\/\/sub.nadev.website\/vi\/oliver-corti\/","title":{"rendered":"Oliver Corti"},"content":{"rendered":"<div data-elementor-type=\"wp-page\" data-elementor-id=\"15\" class=\"elementor elementor-15\" data-elementor-settings=\"{&quot;scroll_snap&quot;:&quot;yes&quot;}\" data-elementor-post-type=\"page\">\n\t\t\t\t<div class=\"has_ae_slider elementor-element elementor-element-d4efe49 e-con-full section e-flex ae-bg-gallery-type-default e-con e-parent\" data-id=\"d4efe49\" data-element_type=\"container\" id=\"section3\" data-settings=\"{&quot;background_background&quot;:&quot;classic&quot;}\">\n\t\t<div class=\"has_ae_slider elementor-element elementor-element-96f744a e-con-full e-flex ae-bg-gallery-type-default e-con e-child\" data-id=\"96f744a\" data-element_type=\"container\" data-settings=\"{&quot;background_background&quot;:&quot;classic&quot;}\">\n\t\t\t\t<\/div>\n\t\t<div class=\"has_ae_slider elementor-element elementor-element-1d80f45 e-con-full e-flex ae-bg-gallery-type-default e-con e-child\" data-id=\"1d80f45\" data-element_type=\"container\">\n\t\t<div class=\"has_ae_slider elementor-element elementor-element-bbf6b6e e-con-full animated-fast e-flex ae-bg-gallery-type-default elementor-invisible e-con e-child\" data-id=\"bbf6b6e\" data-element_type=\"container\" data-settings=\"{&quot;animation&quot;:&quot;fadeInUp&quot;}\">\n\t\t\t\t<div class=\"elementor-element elementor-element-28f7071 elementor-widget elementor-widget-heading\" data-id=\"28f7071\" data-element_type=\"widget\" data-widget_type=\"heading.default\">\n\t\t\t\t<div class=\"elementor-widget-container\">\n\t\t\t\t\t<h2 class=\"elementor-heading-title elementor-size-default\">Olivier Corti<\/h2>\t\t\t\t<\/div>\n\t\t\t\t<\/div>\n\t\t\t\t<div class=\"elementor-element elementor-element-5a24348 elementor-widget elementor-widget-heading\" data-id=\"5a24348\" data-element_type=\"widget\" data-widget_type=\"heading.default\">\n\t\t\t\t<div class=\"elementor-widget-container\">\n\t\t\t\t\t<h3 class=\"elementor-heading-title elementor-size-default\">Ng\u01b0\u1eddi s\u00e1ng l\u1eadp v\u00e0 B\u1ebfp tr\u01b0\u1edfng \u0111i\u1ec1u h\u00e0nh<\/h3>\t\t\t\t<\/div>\n\t\t\t\t<\/div>\n\t\t\t\t<div class=\"elementor-element elementor-element-9429900 elementor-widget elementor-widget-text-editor\" data-id=\"9429900\" data-element_type=\"widget\" data-widget_type=\"text-editor.default\">\n\t\t\t\t<div class=\"elementor-widget-container\">\n\t\t\t\t\t\t\t\t\t<p>Sinh ra t\u1ea1i Lyon \u2013 th\u1ee7 ph\u1ee7 \u1ea9m th\u1ef1c n\u01b0\u1edbc Ph\u00e1p, Chef Olivier Corti l\u1edbn l\u00ean trong b\u1ea7u kh\u00f4ng kh\u00ed \u0111\u1eadm ch\u1ea5t ngh\u1ec7 thu\u1eadt c\u1ee7a nh\u1eefng c\u0103n b\u1ebfp gia \u0111\u00ecnh, n\u01a1i ni\u1ec1m \u0111am m\u00ea v\u1edbi h\u01b0\u01a1ng v\u1ecb v\u00e0 k\u1ef9 thu\u1eadt n\u1ea5u n\u01b0\u1edbng d\u1ea7n \u0111\u01b0\u1ee3c hun \u0111\u00fac.<br \/><br \/><span style=\"font-weight: 400;\">H\u00e0nh tr\u00ecnh n\u00e0y \u0111\u01b0a anh qua nh\u1eefng nh\u00e0 h\u00e0ng danh ti\u1ebfng tr\u00ean th\u1ebf gi\u1edbi, n\u01a1i tay ngh\u1ec1 \u0111\u01b0\u1ee3c r\u00e8n gi\u0169a qua t\u1eebng m\u00f3n \u0103n tinh t\u1ebf. V\u1edbi s\u1ef1 k\u1ebft h\u1ee3p h\u00e0i h\u00f2a gi\u1eefa truy\u1ec1n th\u1ed1ng \u1ea9m th\u1ef1c Ph\u00e1p v\u00e0 nh\u1eefng s\u00e1ng t\u1ea1o hi\u1ec7n \u0111\u1ea1i, B\u1ebfp tr\u01b0\u1edfng Olivier kh\u00f4ng ng\u1eebng t\u00ecm ki\u1ebfm s\u1ef1 c\u00e2n b\u1eb1ng ho\u00e0n m\u1ef9 trong t\u1eebng h\u01b0\u01a1ng v\u1ecb.\u00a0<\/span><\/p><p><span style=\"font-weight: 400;\">N\u0103m 2017, anh ch\u1ecdn \u0110\u00e0 N\u1eb5ng l\u00e0m \u0111i\u1ec3m d\u1eebng ch\u00e2n v\u00e0 s\u00e1ng l\u1eadp Le Comptoir, nh\u00e0 h\u00e0ng fine dining \u0111\u01b0\u1ee3c Michelin l\u1ef1a ch\u1ecdn, n\u01a1i nh\u1eefng nguy\u00ean li\u1ec7u tuy\u1ec3n ch\u1ecdn theo m\u00f9a h\u00f2a quy\u1ec7n c\u00f9ng s\u1ef1 s\u00e1ng t\u1ea1o \u0111\u1ec9nh cao.<\/span><\/p><p><span style=\"font-weight: 400;\">Le Comptoir kh\u00f4ng ch\u1ec9 l\u00e0 m\u1ed9t kh\u00f4ng gian \u1ea9m th\u1ef1c, m\u00e0 c\u00f2n l\u00e0 n\u01a1i l\u01b0u gi\u1eef nh\u1eefng tr\u1ea3i nghi\u1ec7m tinh t\u1ebf, n\u01a1i ngh\u1ec7 thu\u1eadt \u1ea9m th\u1ef1c Ph\u00e1p \u0111\u01b0\u1ee3c t\u00f4n vinh tr\u1ecdn v\u1eb9n.<\/span><\/p>\t\t\t\t\t\t\t\t<\/div>\n\t\t\t\t<\/div>\n\t\t\t\t<\/div>\n\t\t\t\t<\/div>\n\t\t\t\t<\/div>\n\t\t\t\t<\/div>","protected":false},"excerpt":{"rendered":"<p>Le Comptoir is a Michelin-selected fine dining restaurant in Da Nang, Vietnam, offering authentic French cuisine, curated wine pairings, and an intimate gourmet experience.<\/p>","protected":false},"author":1,"featured_media":170,"parent":0,"menu_order":0,"comment_status":"closed","ping_status":"closed","template":"elementor_header_footer","meta":{"footnotes":""},"class_list":["post-15","page","type-page","status-publish","has-post-thumbnail","hentry"],"acf":[],"_links":{"self":[{"href":"https:\/\/sub.nadev.website\/vi\/wp-json\/wp\/v2\/pages\/15","targetHints":{"allow":["GET"]}}],"collection":[{"href":"https:\/\/sub.nadev.website\/vi\/wp-json\/wp\/v2\/pages"}],"about":[{"href":"https:\/\/sub.nadev.website\/vi\/wp-json\/wp\/v2\/types\/page"}],"author":[{"embeddable":true,"href":"https:\/\/sub.nadev.website\/vi\/wp-json\/wp\/v2\/users\/1"}],"replies":[{"embeddable":true,"href":"https:\/\/sub.nadev.website\/vi\/wp-json\/wp\/v2\/comments?post=15"}],"version-history":[{"count":276,"href":"https:\/\/sub.nadev.website\/vi\/wp-json\/wp\/v2\/pages\/15\/revisions"}],"predecessor-version":[{"id":1464,"href":"https:\/\/sub.nadev.website\/vi\/wp-json\/wp\/v2\/pages\/15\/revisions\/1464"}],"wp:featuredmedia":[{"embeddable":true,"href":"https:\/\/sub.nadev.website\/vi\/wp-json\/wp\/v2\/media\/170"}],"wp:attachment":[{"href":"https:\/\/sub.nadev.website\/vi\/wp-json\/wp\/v2\/media?parent=15"}],"curies":[{"name":"wp","href":"https:\/\/api.w.org\/{rel}","templated":true}]}}